{"id":12,"date":"2024-05-24T09:31:59","date_gmt":"2024-05-24T09:31:59","guid":{"rendered":"http:\/\/burimastarokortomis.lt\/?page_id=12"},"modified":"2024-05-24T09:40:26","modified_gmt":"2024-05-24T09:40:26","slug":"pinigu-grazinimo-politika","status":"publish","type":"page","link":"https:\/\/burimastarokortomis.lt\/ru\/pinigu-grazinimo-politika\/","title":{"rendered":"Pinig\u0173 gr\u0105\u017einimo politika"},"content":{"rendered":"<div data-elementor-type=\"wp-page\" data-elementor-id=\"12\" class=\"elementor elementor-12\" data-elementor-post-type=\"page\">\n\t\t\t\t\t\t<section class=\"elementor-section elementor-top-section elementor-element elementor-element-287c6ee6 elementor-section-boxed elementor-section-height-default elementor-section-height-default\" data-id=\"287c6ee6\" data-element_type=\"section\" data-e-type=\"section\">\n\t\t\t\t\t\t<div class=\"elementor-container elementor-column-gap-default\">\n\t\t\t\t\t<div class=\"elementor-column elementor-col-100 elementor-top-column elementor-element elementor-element-f3aafc4\" data-id=\"f3aafc4\" data-element_type=\"column\" data-e-type=\"column\">\n\t\t\t<div class=\"elementor-widget-wrap elementor-element-populated\">\n\t\t\t\t\t\t<div class=\"elementor-element elementor-element-224b5cf9 elementor-widget elementor-widget-text-editor\" data-id=\"224b5cf9\" data-element_type=\"widget\" data-e-type=\"widget\" data-widget_type=\"text-editor.default\">\n\t\t\t\t<div class=\"elementor-widget-container\">\n\t\t\t\t\t\t\t\t\t<p><strong>Gr\u0105\u017einimo S\u0105lygos<\/strong><\/p><ul><li>Turite teis\u0119 gr\u0105\u017einti prekes per 30 dien\u0173 nuo pristatymo datos. Pasibaigus \u0161iam laikotarpiui, deja, negal\u0117sime pasi\u016blyti pinig\u0173 gr\u0105\u017einimo ar prek\u0117s keitimo.<\/li><li>30 dien\u0173 gra\u017einimo laikotarpis galioja tiek B\u016brimo taro kortomis paslaugos u\u017esakymui, tiek fizini\u0173 preki\u0173 \u012fsigijimui.<\/li><\/ul><p><strong>B\u016bkl\u0117 fizini\u0173 preki\u0173 gra\u017einimui<\/strong>:<\/p><ul><li>Gr\u0105\u017einamos prek\u0117s turi b\u016bti nenaudotos, nepa\u017eeistos ir originalioje pakuot\u0117je. Privaloma pateikti pirkimo kvit\u0105 arba s\u0105skait\u0105 fakt\u016br\u0105.<\/li><\/ul><p><strong>B\u016bkl\u0117 b\u016brimo taro kortomis paslaugos gra\u017einimui<\/strong>:<\/p><ul><li>U\u017esisakius paslaug\u0105 b\u016brimas taro kortomis pinig\u0173 gra\u017einimas galimas tuomet, kaip j\u016bs\u0173\u00a0 nepasiekia vaizdo \u012fra\u0161as su u\u017esakyta paslauga.<\/li><li>\u012era\u0161as yra labai prastos garso ar vaizdo kokyb\u0117s ir paslauga yra nekokybi\u0161ka.\u00a0<\/li><\/ul><p><strong>Gr\u0105\u017einimo Procesas<\/strong><\/p><ul><li>Nor\u0117dami prad\u0117ti gr\u0105\u017einimo proces\u0105, pra\u0161ome susisiekti su m\u016bs\u0173 klient\u0173 aptarnavimo komanda el. pa\u0161tu paklausktaro@gmail.com arba telefonu +37060613271. Pateikite u\u017esakymo numer\u012f ir gr\u0105\u017einimo prie\u017east\u012f.<\/li><li>Mes su jumis susisieksime ir\u00a0 suteiksime jums instrukcijas, kaip gr\u0105\u017einti prekes.<\/li><li>Jei j\u016bs\u0173 gr\u0105\u017einimas atitiks vir\u0161uje pamin\u0117tas s\u0105lygas ir bus patvirtintas, pinig\u0173 gr\u0105\u017einimas bus atliktas per 7\u201310 darbo dien\u0173 \u012f t\u0105 pa\u010di\u0105 mok\u0117jimo priemon\u0119, kuria buvo atliktas pirkimas.<\/li><\/ul><p><strong>Kontaktin\u0117 Informacija<\/strong><\/p><ul><li><strong> pa\u0161tas<\/strong>:paklausktaro@gmail.com<\/li><li><strong>Telefonas<\/strong>:+37060613271<\/li><li><strong>Liudmila Maiminait\u0117 Volodina dirbanti pagal individualia veikl\u0105 nr.: 1106747<\/strong><\/li><\/ul><p>\u00a0<\/p>\t\t\t\t\t\t\t\t<\/div>\n\t\t\t\t<\/div>\n\t\t\t\t\t<\/div>\n\t\t<\/div>\n\t\t\t\t\t<\/div>\n\t\t<\/section>\n\t\t\t\t<\/div>","protected":false},"excerpt":{"rendered":"<p>Gr\u0105\u017einimo S\u0105lygos Turite teis\u0119 gr\u0105\u017einti prekes per 30 dien\u0173 nuo pristatymo datos. Pasibaigus \u0161iam laikotarpiui, deja, negal\u0117sime pasi\u016blyti pinig\u0173 gr\u0105\u017einimo ar prek\u0117s keitimo. 30 dien\u0173 gra\u017einimo laikotarpis galioja tiek B\u016brimo taro kortomis paslaugos u\u017esakymui, tiek fizini\u0173 preki\u0173 \u012fsigijimui. B\u016bkl\u0117 fizini\u0173 preki\u0173 gra\u017einimui: Gr\u0105\u017einamos prek\u0117s turi b\u016bti nenaudotos, nepa\u017eeistos ir originalioje pakuot\u0117je. Privaloma pateikti pirkimo kvit\u0105 [&hellip;]<\/p>","protected":false},"author":1,"featured_media":0,"parent":0,"menu_order":0,"comment_status":"closed","ping_status":"closed","template":"","meta":{"ocean_post_layout":"","ocean_both_sidebars_style":"","ocean_both_sidebars_content_width":0,"ocean_both_sidebars_sidebars_width":0,"ocean_sidebar":"0","ocean_second_sidebar":"0","ocean_disable_margins":"enable","ocean_add_body_class":"","ocean_shortcode_before_top_bar":"","ocean_shortcode_after_top_bar":"","ocean_shortcode_before_header":"","ocean_shortcode_after_header":"","ocean_has_shortcode":"","ocean_shortcode_after_title":"","ocean_shortcode_before_footer_widgets":"","ocean_shortcode_after_footer_widgets":"","ocean_shortcode_before_footer_bottom":"","ocean_shortcode_after_footer_bottom":"","ocean_display_top_bar":"default","ocean_display_header":"default","ocean_header_style":"","ocean_center_header_left_menu":"0","ocean_custom_header_template":"0","ocean_custom_logo":0,"ocean_custom_retina_logo":0,"ocean_custom_logo_max_width":0,"ocean_custom_logo_tablet_max_width":0,"ocean_custom_logo_mobile_max_width":0,"ocean_custom_logo_max_height":0,"ocean_custom_logo_tablet_max_height":0,"ocean_custom_logo_mobile_max_height":0,"ocean_header_custom_menu":"0","ocean_menu_typo_font_family":"0","ocean_menu_typo_font_subset":"","ocean_menu_typo_font_size":0,"ocean_menu_typo_font_size_tablet":0,"ocean_menu_typo_font_size_mobile":0,"ocean_menu_typo_font_size_unit":"px","ocean_menu_typo_font_weight":"","ocean_menu_typo_font_weight_tablet":"","ocean_menu_typo_font_weight_mobile":"","ocean_menu_typo_transform":"","ocean_menu_typo_transform_tablet":"","ocean_menu_typo_transform_mobile":"","ocean_menu_typo_line_height":0,"ocean_menu_typo_line_height_tablet":0,"ocean_menu_typo_line_height_mobile":0,"ocean_menu_typo_line_height_unit":"","ocean_menu_typo_spacing":0,"ocean_menu_typo_spacing_tablet":0,"ocean_menu_typo_spacing_mobile":0,"ocean_menu_typo_spacing_unit":"","ocean_menu_link_color":"","ocean_menu_link_color_hover":"","ocean_menu_link_color_active":"","ocean_menu_link_background":"","ocean_menu_link_hover_background":"","ocean_menu_link_active_background":"","ocean_menu_social_links_bg":"","ocean_menu_social_hover_links_bg":"","ocean_menu_social_links_color":"","ocean_menu_social_hover_links_color":"","ocean_disable_title":"default","ocean_disable_heading":"default","ocean_post_title":"","ocean_post_subheading":"","ocean_post_title_style":"","ocean_post_title_background_color":"","ocean_post_title_background":0,"ocean_post_title_bg_image_position":"","ocean_post_title_bg_image_attachment":"","ocean_post_title_bg_image_repeat":"","ocean_post_title_bg_image_size":"","ocean_post_title_height":0,"ocean_post_title_bg_overlay":0.5,"ocean_post_title_bg_overlay_color":"","ocean_disable_breadcrumbs":"default","ocean_breadcrumbs_color":"","ocean_breadcrumbs_separator_color":"","ocean_breadcrumbs_links_color":"","ocean_breadcrumbs_links_hover_color":"","ocean_display_footer_widgets":"default","ocean_display_footer_bottom":"default","ocean_custom_footer_template":"0","footnotes":""},"class_list":["post-12","page","type-page","status-publish","hentry","entry","owp-thumbs-layout-horizontal","owp-btn-normal","owp-tabs-layout-horizontal","has-no-thumbnails"],"yoast_head":"<!-- This site is optimized with the Yoast SEO plugin v22.7 - https:\/\/yoast.com\/wordpress\/plugins\/seo\/ -->\n<title>Ask Tarot | Liudmilos Tarologin\u0117s prognoz\u0117s<\/title>\n<meta name=\"description\" content=\"AskTarot - Liudmilos Tarologin\u0117s prognoz\u0117s: santyki\u0173, sveikatos,darbo metin\u0117s d\u0117lion\u0117s, amuletai, talismanai bei papuo\u0161alai.\" \/>\n<meta name=\"robots\" content=\"noindex, nofollow\" \/>\n<meta property=\"og:locale\" content=\"ru_RU\" \/>\n<meta property=\"og:type\" content=\"article\" \/>\n<meta property=\"og:title\" content=\"Ask Tarot | Liudmilos Tarologin\u0117s prognoz\u0117s\" \/>\n<meta property=\"og:description\" content=\"AskTarot - Liudmilos Tarologin\u0117s prognoz\u0117s: santyki\u0173, sveikatos,darbo metin\u0117s d\u0117lion\u0117s, amuletai, talismanai bei papuo\u0161alai.\" \/>\n<meta property=\"og:url\" content=\"https:\/\/burimastarokortomis.lt\/ru\/pinigu-grazinimo-politika\/\" \/>\n<meta property=\"og:site_name\" content=\"B\u016brimas taro kortomis\" \/>\n<meta property=\"article:publisher\" content=\"https:\/\/www.facebook.com\/paklauskTaro\/\" \/>\n<meta property=\"article:modified_time\" content=\"2024-05-24T09:40:26+00:00\" \/>\n<meta property=\"og:image\" content=\"https:\/\/burimastarokortomis.lt\/wp-content\/uploads\/2023\/09\/tarot-card-1.png\" \/>\n\t<meta property=\"og:image:width\" content=\"512\" \/>\n\t<meta property=\"og:image:height\" content=\"512\" \/>\n\t<meta property=\"og:image:type\" content=\"image\/png\" \/>\n<meta name=\"twitter:card\" content=\"summary_large_image\" \/>\n<meta name=\"twitter:label1\" content=\"\u041f\u0440\u0438\u043c\u0435\u0440\u043d\u043e\u0435 \u0432\u0440\u0435\u043c\u044f \u0434\u043b\u044f \u0447\u0442\u0435\u043d\u0438\u044f\" \/>\n\t<meta name=\"twitter:data1\" content=\"1 \u043c\u0438\u043d\u0443\u0442\u0430\" \/>\n<script type=\"application\/ld+json\" class=\"yoast-schema-graph\">{\"@context\":\"https:\/\/schema.org\",\"@graph\":[{\"@type\":\"WebPage\",\"@id\":\"https:\/\/burimastarokortomis.lt\/pinigu-grazinimo-politika\/\",\"url\":\"https:\/\/burimastarokortomis.lt\/pinigu-grazinimo-politika\/\",\"name\":\"Ask Tarot | Liudmilos Tarologin\u0117s prognoz\u0117s\",\"isPartOf\":{\"@id\":\"https:\/\/burimastarokortomis.lt\/#website\"},\"datePublished\":\"2024-05-24T09:31:59+00:00\",\"dateModified\":\"2024-05-24T09:40:26+00:00\",\"description\":\"AskTarot - Liudmilos Tarologin\u0117s prognoz\u0117s: santyki\u0173, sveikatos,darbo metin\u0117s d\u0117lion\u0117s, amuletai, talismanai bei papuo\u0161alai.\",\"breadcrumb\":{\"@id\":\"https:\/\/burimastarokortomis.lt\/pinigu-grazinimo-politika\/#breadcrumb\"},\"inLanguage\":\"ru-RU\",\"potentialAction\":[{\"@type\":\"ReadAction\",\"target\":[\"https:\/\/burimastarokortomis.lt\/pinigu-grazinimo-politika\/\"]}]},{\"@type\":\"BreadcrumbList\",\"@id\":\"https:\/\/burimastarokortomis.lt\/pinigu-grazinimo-politika\/#breadcrumb\",\"itemListElement\":[{\"@type\":\"ListItem\",\"position\":1,\"name\":\"Home\",\"item\":\"https:\/\/burimastarokortomis.lt\/\"},{\"@type\":\"ListItem\",\"position\":2,\"name\":\"Pinig\u0173 gr\u0105\u017einimo politika\"}]},{\"@type\":\"WebSite\",\"@id\":\"https:\/\/burimastarokortomis.lt\/#website\",\"url\":\"https:\/\/burimastarokortomis.lt\/\",\"name\":\"Ask Tarot\",\"description\":\"Liudmilos Tarologin\u0117s prognoz\u0117s\",\"publisher\":{\"@id\":\"https:\/\/burimastarokortomis.lt\/#organization\"},\"alternateName\":\"Ask Tarot - Liudmilos Tarologin\u0117s prognoz\u0117s\",\"potentialAction\":[{\"@type\":\"SearchAction\",\"target\":{\"@type\":\"EntryPoint\",\"urlTemplate\":\"https:\/\/burimastarokortomis.lt\/?s={search_term_string}\"},\"query-input\":\"required name=search_term_string\"}],\"inLanguage\":\"ru-RU\"},{\"@type\":\"Organization\",\"@id\":\"https:\/\/burimastarokortomis.lt\/#organization\",\"name\":\"AskTarot - Liudmilos Tarologin\u0117s prognoz\u0117s\",\"url\":\"https:\/\/burimastarokortomis.lt\/\",\"logo\":{\"@type\":\"ImageObject\",\"inLanguage\":\"ru-RU\",\"@id\":\"https:\/\/burimastarokortomis.lt\/#\/schema\/logo\/image\/\",\"url\":\"http:\/\/burimastarokortomis.lt\/wp-content\/uploads\/2023\/09\/tarot-card.png\",\"contentUrl\":\"http:\/\/burimastarokortomis.lt\/wp-content\/uploads\/2023\/09\/tarot-card.png\",\"width\":512,\"height\":512,\"caption\":\"AskTarot - Liudmilos Tarologin\u0117s prognoz\u0117s\"},\"image\":{\"@id\":\"https:\/\/burimastarokortomis.lt\/#\/schema\/logo\/image\/\"},\"sameAs\":[\"https:\/\/www.facebook.com\/paklauskTaro\/\"]}]}<\/script>\n<!-- \/ Yoast SEO plugin. -->","yoast_head_json":{"title":"Ask Tarot | Liudmilos Tarologin\u0117s prognoz\u0117s","description":"AskTarot - Liudmilos Tarologin\u0117s prognoz\u0117s: santyki\u0173, sveikatos,darbo metin\u0117s d\u0117lion\u0117s, amuletai, talismanai bei papuo\u0161alai.","robots":{"index":"noindex","follow":"nofollow"},"og_locale":"ru_RU","og_type":"article","og_title":"Ask Tarot | Liudmilos Tarologin\u0117s prognoz\u0117s","og_description":"AskTarot - Liudmilos Tarologin\u0117s prognoz\u0117s: santyki\u0173, sveikatos,darbo metin\u0117s d\u0117lion\u0117s, amuletai, talismanai bei papuo\u0161alai.","og_url":"https:\/\/burimastarokortomis.lt\/ru\/pinigu-grazinimo-politika\/","og_site_name":"B\u016brimas taro kortomis","article_publisher":"https:\/\/www.facebook.com\/paklauskTaro\/","article_modified_time":"2024-05-24T09:40:26+00:00","og_image":[{"width":512,"height":512,"url":"https:\/\/burimastarokortomis.lt\/wp-content\/uploads\/2023\/09\/tarot-card-1.png","type":"image\/png"}],"twitter_card":"summary_large_image","twitter_misc":{"\u041f\u0440\u0438\u043c\u0435\u0440\u043d\u043e\u0435 \u0432\u0440\u0435\u043c\u044f \u0434\u043b\u044f \u0447\u0442\u0435\u043d\u0438\u044f":"1 \u043c\u0438\u043d\u0443\u0442\u0430"},"schema":{"@context":"https:\/\/schema.org","@graph":[{"@type":"WebPage","@id":"https:\/\/burimastarokortomis.lt\/pinigu-grazinimo-politika\/","url":"https:\/\/burimastarokortomis.lt\/pinigu-grazinimo-politika\/","name":"Ask Tarot | Liudmilos Tarologin\u0117s prognoz\u0117s","isPartOf":{"@id":"https:\/\/burimastarokortomis.lt\/#website"},"datePublished":"2024-05-24T09:31:59+00:00","dateModified":"2024-05-24T09:40:26+00:00","description":"AskTarot - Liudmilos Tarologin\u0117s prognoz\u0117s: santyki\u0173, sveikatos,darbo metin\u0117s d\u0117lion\u0117s, amuletai, talismanai bei papuo\u0161alai.","breadcrumb":{"@id":"https:\/\/burimastarokortomis.lt\/pinigu-grazinimo-politika\/#breadcrumb"},"inLanguage":"ru-RU","potentialAction":[{"@type":"ReadAction","target":["https:\/\/burimastarokortomis.lt\/pinigu-grazinimo-politika\/"]}]},{"@type":"BreadcrumbList","@id":"https:\/\/burimastarokortomis.lt\/pinigu-grazinimo-politika\/#breadcrumb","itemListElement":[{"@type":"ListItem","position":1,"name":"Home","item":"https:\/\/burimastarokortomis.lt\/"},{"@type":"ListItem","position":2,"name":"Pinig\u0173 gr\u0105\u017einimo politika"}]},{"@type":"WebSite","@id":"https:\/\/burimastarokortomis.lt\/#website","url":"https:\/\/burimastarokortomis.lt\/","name":"Ask Tarot","description":"Liudmilos Tarologin\u0117s prognoz\u0117s","publisher":{"@id":"https:\/\/burimastarokortomis.lt\/#organization"},"alternateName":"Ask Tarot - Liudmilos Tarologin\u0117s prognoz\u0117s","potentialAction":[{"@type":"SearchAction","target":{"@type":"EntryPoint","urlTemplate":"https:\/\/burimastarokortomis.lt\/?s={search_term_string}"},"query-input":"required name=search_term_string"}],"inLanguage":"ru-RU"},{"@type":"Organization","@id":"https:\/\/burimastarokortomis.lt\/#organization","name":"AskTarot - Liudmilos Tarologin\u0117s prognoz\u0117s","url":"https:\/\/burimastarokortomis.lt\/","logo":{"@type":"ImageObject","inLanguage":"ru-RU","@id":"https:\/\/burimastarokortomis.lt\/#\/schema\/logo\/image\/","url":"http:\/\/burimastarokortomis.lt\/wp-content\/uploads\/2023\/09\/tarot-card.png","contentUrl":"http:\/\/burimastarokortomis.lt\/wp-content\/uploads\/2023\/09\/tarot-card.png","width":512,"height":512,"caption":"AskTarot - Liudmilos Tarologin\u0117s prognoz\u0117s"},"image":{"@id":"https:\/\/burimastarokortomis.lt\/#\/schema\/logo\/image\/"},"sameAs":["https:\/\/www.facebook.com\/paklauskTaro\/"]}]}},"_links":{"self":[{"href":"https:\/\/burimastarokortomis.lt\/ru\/wp-json\/wp\/v2\/pages\/12","targetHints":{"allow":["GET"]}}],"collection":[{"href":"https:\/\/burimastarokortomis.lt\/ru\/wp-json\/wp\/v2\/pages"}],"about":[{"href":"https:\/\/burimastarokortomis.lt\/ru\/wp-json\/wp\/v2\/types\/page"}],"author":[{"embeddable":true,"href":"https:\/\/burimastarokortomis.lt\/ru\/wp-json\/wp\/v2\/users\/1"}],"replies":[{"embeddable":true,"href":"https:\/\/burimastarokortomis.lt\/ru\/wp-json\/wp\/v2\/comments?post=12"}],"version-history":[{"count":5,"href":"https:\/\/burimastarokortomis.lt\/ru\/wp-json\/wp\/v2\/pages\/12\/revisions"}],"predecessor-version":[{"id":350,"href":"https:\/\/burimastarokortomis.lt\/ru\/wp-json\/wp\/v2\/pages\/12\/revisions\/350"}],"wp:attachment":[{"href":"https:\/\/burimastarokortomis.lt\/ru\/wp-json\/wp\/v2\/media?parent=12"}],"curies":[{"name":"wp","href":"https:\/\/api.w.org\/{rel}","templated":true}]}}