{"id":2,"date":"2023-09-18T08:11:37","date_gmt":"2023-09-18T08:11:37","guid":{"rendered":"http:\/\/burimastarokortomis.lt\/?page_id=2"},"modified":"2024-05-31T10:04:41","modified_gmt":"2024-05-31T10:04:41","slug":"sample-page","status":"publish","type":"page","link":"https:\/\/burimastarokortomis.lt\/ru\/sample-page\/","title":{"rendered":"Sample Page"},"content":{"rendered":"<div data-elementor-type=\"wp-page\" data-elementor-id=\"2\" class=\"elementor elementor-2\" data-elementor-post-type=\"page\">\n\t\t\t\t\t\t<section class=\"elementor-section elementor-top-section elementor-element elementor-element-5bfd6b8 elementor-section-boxed elementor-section-height-default elementor-section-height-default\" data-id=\"5bfd6b8\" data-element_type=\"section\" data-e-type=\"section\">\n\t\t\t\t\t\t<div class=\"elementor-container elementor-column-gap-default\">\n\t\t\t\t\t<div class=\"elementor-column elementor-col-100 elementor-top-column elementor-element elementor-element-2b932d3\" data-id=\"2b932d3\" data-element_type=\"column\" data-e-type=\"column\">\n\t\t\t<div class=\"elementor-widget-wrap elementor-element-populated\">\n\t\t\t\t\t\t<div class=\"elementor-element elementor-element-26be457 elementor-widget elementor-widget-image\" data-id=\"26be457\" data-element_type=\"widget\" data-e-type=\"widget\" data-widget_type=\"image.default\">\n\t\t\t\t<div class=\"elementor-widget-container\">\n\t\t\t\t\t\t\t\t\t\t\t\t\t\t\t<img fetchpriority=\"high\" decoding=\"async\" width=\"512\" height=\"512\" src=\"https:\/\/burimastarokortomis.lt\/wp-content\/uploads\/2023\/09\/cropped-tarot-card.png\" class=\"attachment-large size-large wp-image-22\" alt=\"taro kortos burimai\" srcset=\"https:\/\/burimastarokortomis.lt\/wp-content\/uploads\/2023\/09\/cropped-tarot-card.png 512w, https:\/\/burimastarokortomis.lt\/wp-content\/uploads\/2023\/09\/cropped-tarot-card-300x300.png 300w, https:\/\/burimastarokortomis.lt\/wp-content\/uploads\/2023\/09\/cropped-tarot-card-150x150.png 150w, https:\/\/burimastarokortomis.lt\/wp-content\/uploads\/2023\/09\/cropped-tarot-card-100x100.png 100w, https:\/\/burimastarokortomis.lt\/wp-content\/uploads\/2023\/09\/cropped-tarot-card-270x270.png 270w, https:\/\/burimastarokortomis.lt\/wp-content\/uploads\/2023\/09\/cropped-tarot-card-192x192.png 192w, https:\/\/burimastarokortomis.lt\/wp-content\/uploads\/2023\/09\/cropped-tarot-card-180x180.png 180w, https:\/\/burimastarokortomis.lt\/wp-content\/uploads\/2023\/09\/cropped-tarot-card-32x32.png 32w\" sizes=\"(max-width: 512px) 100vw, 512px\" \/>\t\t\t\t\t\t\t\t\t\t\t\t\t\t\t<\/div>\n\t\t\t\t<\/div>\n\t\t\t\t\t<\/div>\n\t\t<\/div>\n\t\t\t\t\t<\/div>\n\t\t<\/section>\n\t\t\t\t<section class=\"elementor-section elementor-top-section elementor-element elementor-element-e93b298 elementor-section-boxed elementor-section-height-default elementor-section-height-default\" data-id=\"e93b298\" data-element_type=\"section\" data-e-type=\"section\">\n\t\t\t\t\t\t<div class=\"elementor-container elementor-column-gap-default\">\n\t\t\t\t\t<div class=\"elementor-column elementor-col-100 elementor-top-column elementor-element elementor-element-6816f42\" data-id=\"6816f42\" data-element_type=\"column\" data-e-type=\"column\">\n\t\t\t<div class=\"elementor-widget-wrap elementor-element-populated\">\n\t\t\t\t\t\t<div class=\"elementor-element elementor-element-69365c3 elementor-widget elementor-widget-heading\" data-id=\"69365c3\" data-element_type=\"widget\" data-e-type=\"widget\" data-widget_type=\"heading.default\">\n\t\t\t\t<div class=\"elementor-widget-container\">\n\t\t\t\t\t<h2 class=\"elementor-heading-title elementor-size-default\">J\u016aS\u0172 MOK\u0116JIMAS S\u0116KMINGAS<br><\/h2>\t\t\t\t<\/div>\n\t\t\t\t<\/div>\n\t\t\t\t\t<\/div>\n\t\t<\/div>\n\t\t\t\t\t<\/div>\n\t\t<\/section>\n\t\t\t\t<\/div>","protected":false},"excerpt":{"rendered":"<p>J\u016aS\u0172 MOK\u0116JIMAS S\u0116KMINGAS<\/p>","protected":false},"author":1,"featured_media":0,"parent":0,"menu_order":0,"comment_status":"closed","ping_status":"open","template":"","meta":{"ocean_post_layout":"","ocean_both_sidebars_style":"","ocean_both_sidebars_content_width":0,"ocean_both_sidebars_sidebars_width":0,"ocean_sidebar":"0","ocean_second_sidebar":"0","ocean_disable_margins":"enable","ocean_add_body_class":"","ocean_shortcode_before_top_bar":"","ocean_shortcode_after_top_bar":"","ocean_shortcode_before_header":"","ocean_shortcode_after_header":"","ocean_has_shortcode":"","ocean_shortcode_after_title":"","ocean_shortcode_before_footer_widgets":"","ocean_shortcode_after_footer_widgets":"","ocean_shortcode_before_footer_bottom":"","ocean_shortcode_after_footer_bottom":"","ocean_display_top_bar":"default","ocean_display_header":"default","ocean_header_style":"","ocean_center_header_left_menu":"0","ocean_custom_header_template":"0","ocean_custom_logo":0,"ocean_custom_retina_logo":0,"ocean_custom_logo_max_width":0,"ocean_custom_logo_tablet_max_width":0,"ocean_custom_logo_mobile_max_width":0,"ocean_custom_logo_max_height":0,"ocean_custom_logo_tablet_max_height":0,"ocean_custom_logo_mobile_max_height":0,"ocean_header_custom_menu":"0","ocean_menu_typo_font_family":"0","ocean_menu_typo_font_subset":"","ocean_menu_typo_font_size":0,"ocean_menu_typo_font_size_tablet":0,"ocean_menu_typo_font_size_mobile":0,"ocean_menu_typo_font_size_unit":"px","ocean_menu_typo_font_weight":"","ocean_menu_typo_font_weight_tablet":"","ocean_menu_typo_font_weight_mobile":"","ocean_menu_typo_transform":"","ocean_menu_typo_transform_tablet":"","ocean_menu_typo_transform_mobile":"","ocean_menu_typo_line_height":0,"ocean_menu_typo_line_height_tablet":0,"ocean_menu_typo_line_height_mobile":0,"ocean_menu_typo_line_height_unit":"","ocean_menu_typo_spacing":0,"ocean_menu_typo_spacing_tablet":0,"ocean_menu_typo_spacing_mobile":0,"ocean_menu_typo_spacing_unit":"","ocean_menu_link_color":"","ocean_menu_link_color_hover":"","ocean_menu_link_color_active":"","ocean_menu_link_background":"","ocean_menu_link_hover_background":"","ocean_menu_link_active_background":"","ocean_menu_social_links_bg":"","ocean_menu_social_hover_links_bg":"","ocean_menu_social_links_color":"","ocean_menu_social_hover_links_color":"","ocean_disable_title":"default","ocean_disable_heading":"default","ocean_post_title":"","ocean_post_subheading":"","ocean_post_title_style":"","ocean_post_title_background_color":"","ocean_post_title_background":0,"ocean_post_title_bg_image_position":"","ocean_post_title_bg_image_attachment":"","ocean_post_title_bg_image_repeat":"","ocean_post_title_bg_image_size":"","ocean_post_title_height":0,"ocean_post_title_bg_overlay":0.5,"ocean_post_title_bg_overlay_color":"","ocean_disable_breadcrumbs":"default","ocean_breadcrumbs_color":"","ocean_breadcrumbs_separator_color":"","ocean_breadcrumbs_links_color":"","ocean_breadcrumbs_links_hover_color":"","ocean_display_footer_widgets":"default","ocean_display_footer_bottom":"default","ocean_custom_footer_template":"0","footnotes":""},"class_list":["post-2","page","type-page","status-publish","hentry","entry","owp-thumbs-layout-horizontal","owp-btn-normal","owp-tabs-layout-horizontal","has-no-thumbnails"],"yoast_head":"<!-- This site is optimized with the Yoast SEO plugin v22.7 - https:\/\/yoast.com\/wordpress\/plugins\/seo\/ -->\n<title>Ask Tarot | Liudmilos Tarologin\u0117s prognoz\u0117s<\/title>\n<meta name=\"description\" content=\"AskTarot - Liudmilos Tarologin\u0117s prognoz\u0117s: santyki\u0173, sveikatos,darbo metin\u0117s d\u0117lion\u0117s, amuletai, talismanai bei papuo\u0161alai.\" \/>\n<meta name=\"robots\" content=\"noindex, nofollow\" \/>\n<meta property=\"og:locale\" content=\"ru_RU\" \/>\n<meta property=\"og:type\" content=\"article\" \/>\n<meta property=\"og:title\" content=\"Ask Tarot | Liudmilos Tarologin\u0117s prognoz\u0117s\" \/>\n<meta property=\"og:description\" content=\"AskTarot - Liudmilos Tarologin\u0117s prognoz\u0117s: santyki\u0173, sveikatos,darbo metin\u0117s d\u0117lion\u0117s, amuletai, talismanai bei papuo\u0161alai.\" \/>\n<meta property=\"og:url\" content=\"https:\/\/burimastarokortomis.lt\/ru\/sample-page\/\" \/>\n<meta property=\"og:site_name\" content=\"B\u016brimas taro kortomis\" \/>\n<meta property=\"article:publisher\" content=\"https:\/\/www.facebook.com\/paklauskTaro\/\" \/>\n<meta property=\"article:modified_time\" content=\"2024-05-31T10:04:41+00:00\" \/>\n<meta property=\"og:image\" content=\"http:\/\/burimastarokortomis.lt\/wp-content\/uploads\/2023\/09\/cropped-tarot-card.png\" \/>\n<meta name=\"twitter:card\" content=\"summary_large_image\" \/>\n<meta name=\"twitter:label1\" content=\"\u041f\u0440\u0438\u043c\u0435\u0440\u043d\u043e\u0435 \u0432\u0440\u0435\u043c\u044f \u0434\u043b\u044f \u0447\u0442\u0435\u043d\u0438\u044f\" \/>\n\t<meta name=\"twitter:data1\" content=\"1 \u043c\u0438\u043d\u0443\u0442\u0430\" \/>\n<script type=\"application\/ld+json\" class=\"yoast-schema-graph\">{\"@context\":\"https:\/\/schema.org\",\"@graph\":[{\"@type\":\"WebPage\",\"@id\":\"https:\/\/burimastarokortomis.lt\/sample-page\/\",\"url\":\"https:\/\/burimastarokortomis.lt\/sample-page\/\",\"name\":\"Ask Tarot | Liudmilos Tarologin\u0117s prognoz\u0117s\",\"isPartOf\":{\"@id\":\"https:\/\/burimastarokortomis.lt\/#website\"},\"primaryImageOfPage\":{\"@id\":\"https:\/\/burimastarokortomis.lt\/sample-page\/#primaryimage\"},\"image\":{\"@id\":\"https:\/\/burimastarokortomis.lt\/sample-page\/#primaryimage\"},\"thumbnailUrl\":\"http:\/\/burimastarokortomis.lt\/wp-content\/uploads\/2023\/09\/cropped-tarot-card.png\",\"datePublished\":\"2023-09-18T08:11:37+00:00\",\"dateModified\":\"2024-05-31T10:04:41+00:00\",\"description\":\"AskTarot - Liudmilos Tarologin\u0117s prognoz\u0117s: santyki\u0173, sveikatos,darbo metin\u0117s d\u0117lion\u0117s, amuletai, talismanai bei papuo\u0161alai.\",\"breadcrumb\":{\"@id\":\"https:\/\/burimastarokortomis.lt\/sample-page\/#breadcrumb\"},\"inLanguage\":\"ru-RU\",\"potentialAction\":[{\"@type\":\"ReadAction\",\"target\":[\"https:\/\/burimastarokortomis.lt\/sample-page\/\"]}]},{\"@type\":\"ImageObject\",\"inLanguage\":\"ru-RU\",\"@id\":\"https:\/\/burimastarokortomis.lt\/sample-page\/#primaryimage\",\"url\":\"http:\/\/burimastarokortomis.lt\/wp-content\/uploads\/2023\/09\/cropped-tarot-card.png\",\"contentUrl\":\"http:\/\/burimastarokortomis.lt\/wp-content\/uploads\/2023\/09\/cropped-tarot-card.png\"},{\"@type\":\"BreadcrumbList\",\"@id\":\"https:\/\/burimastarokortomis.lt\/sample-page\/#breadcrumb\",\"itemListElement\":[{\"@type\":\"ListItem\",\"position\":1,\"name\":\"Home\",\"item\":\"https:\/\/burimastarokortomis.lt\/\"},{\"@type\":\"ListItem\",\"position\":2,\"name\":\"Sample Page\"}]},{\"@type\":\"WebSite\",\"@id\":\"https:\/\/burimastarokortomis.lt\/#website\",\"url\":\"https:\/\/burimastarokortomis.lt\/\",\"name\":\"Ask Tarot\",\"description\":\"Liudmilos Tarologin\u0117s prognoz\u0117s\",\"publisher\":{\"@id\":\"https:\/\/burimastarokortomis.lt\/#organization\"},\"alternateName\":\"Ask Tarot - Liudmilos Tarologin\u0117s prognoz\u0117s\",\"potentialAction\":[{\"@type\":\"SearchAction\",\"target\":{\"@type\":\"EntryPoint\",\"urlTemplate\":\"https:\/\/burimastarokortomis.lt\/?s={search_term_string}\"},\"query-input\":\"required name=search_term_string\"}],\"inLanguage\":\"ru-RU\"},{\"@type\":\"Organization\",\"@id\":\"https:\/\/burimastarokortomis.lt\/#organization\",\"name\":\"AskTarot - Liudmilos Tarologin\u0117s prognoz\u0117s\",\"url\":\"https:\/\/burimastarokortomis.lt\/\",\"logo\":{\"@type\":\"ImageObject\",\"inLanguage\":\"ru-RU\",\"@id\":\"https:\/\/burimastarokortomis.lt\/#\/schema\/logo\/image\/\",\"url\":\"http:\/\/burimastarokortomis.lt\/wp-content\/uploads\/2023\/09\/tarot-card.png\",\"contentUrl\":\"http:\/\/burimastarokortomis.lt\/wp-content\/uploads\/2023\/09\/tarot-card.png\",\"width\":512,\"height\":512,\"caption\":\"AskTarot - Liudmilos Tarologin\u0117s prognoz\u0117s\"},\"image\":{\"@id\":\"https:\/\/burimastarokortomis.lt\/#\/schema\/logo\/image\/\"},\"sameAs\":[\"https:\/\/www.facebook.com\/paklauskTaro\/\"]}]}<\/script>\n<!-- \/ Yoast SEO plugin. -->","yoast_head_json":{"title":"Ask Tarot | Liudmilos Tarologin\u0117s prognoz\u0117s","description":"AskTarot - Liudmilos Tarologin\u0117s prognoz\u0117s: santyki\u0173, sveikatos,darbo metin\u0117s d\u0117lion\u0117s, amuletai, talismanai bei papuo\u0161alai.","robots":{"index":"noindex","follow":"nofollow"},"og_locale":"ru_RU","og_type":"article","og_title":"Ask Tarot | Liudmilos Tarologin\u0117s prognoz\u0117s","og_description":"AskTarot - Liudmilos Tarologin\u0117s prognoz\u0117s: santyki\u0173, sveikatos,darbo metin\u0117s d\u0117lion\u0117s, amuletai, talismanai bei papuo\u0161alai.","og_url":"https:\/\/burimastarokortomis.lt\/ru\/sample-page\/","og_site_name":"B\u016brimas taro kortomis","article_publisher":"https:\/\/www.facebook.com\/paklauskTaro\/","article_modified_time":"2024-05-31T10:04:41+00:00","og_image":[{"url":"http:\/\/burimastarokortomis.lt\/wp-content\/uploads\/2023\/09\/cropped-tarot-card.png"}],"twitter_card":"summary_large_image","twitter_misc":{"\u041f\u0440\u0438\u043c\u0435\u0440\u043d\u043e\u0435 \u0432\u0440\u0435\u043c\u044f \u0434\u043b\u044f \u0447\u0442\u0435\u043d\u0438\u044f":"1 \u043c\u0438\u043d\u0443\u0442\u0430"},"schema":{"@context":"https:\/\/schema.org","@graph":[{"@type":"WebPage","@id":"https:\/\/burimastarokortomis.lt\/sample-page\/","url":"https:\/\/burimastarokortomis.lt\/sample-page\/","name":"Ask Tarot | Liudmilos Tarologin\u0117s prognoz\u0117s","isPartOf":{"@id":"https:\/\/burimastarokortomis.lt\/#website"},"primaryImageOfPage":{"@id":"https:\/\/burimastarokortomis.lt\/sample-page\/#primaryimage"},"image":{"@id":"https:\/\/burimastarokortomis.lt\/sample-page\/#primaryimage"},"thumbnailUrl":"http:\/\/burimastarokortomis.lt\/wp-content\/uploads\/2023\/09\/cropped-tarot-card.png","datePublished":"2023-09-18T08:11:37+00:00","dateModified":"2024-05-31T10:04:41+00:00","description":"AskTarot - Liudmilos Tarologin\u0117s prognoz\u0117s: santyki\u0173, sveikatos,darbo metin\u0117s d\u0117lion\u0117s, amuletai, talismanai bei papuo\u0161alai.","breadcrumb":{"@id":"https:\/\/burimastarokortomis.lt\/sample-page\/#breadcrumb"},"inLanguage":"ru-RU","potentialAction":[{"@type":"ReadAction","target":["https:\/\/burimastarokortomis.lt\/sample-page\/"]}]},{"@type":"ImageObject","inLanguage":"ru-RU","@id":"https:\/\/burimastarokortomis.lt\/sample-page\/#primaryimage","url":"http:\/\/burimastarokortomis.lt\/wp-content\/uploads\/2023\/09\/cropped-tarot-card.png","contentUrl":"http:\/\/burimastarokortomis.lt\/wp-content\/uploads\/2023\/09\/cropped-tarot-card.png"},{"@type":"BreadcrumbList","@id":"https:\/\/burimastarokortomis.lt\/sample-page\/#breadcrumb","itemListElement":[{"@type":"ListItem","position":1,"name":"Home","item":"https:\/\/burimastarokortomis.lt\/"},{"@type":"ListItem","position":2,"name":"Sample Page"}]},{"@type":"WebSite","@id":"https:\/\/burimastarokortomis.lt\/#website","url":"https:\/\/burimastarokortomis.lt\/","name":"Ask Tarot","description":"Liudmilos Tarologin\u0117s prognoz\u0117s","publisher":{"@id":"https:\/\/burimastarokortomis.lt\/#organization"},"alternateName":"Ask Tarot - Liudmilos Tarologin\u0117s prognoz\u0117s","potentialAction":[{"@type":"SearchAction","target":{"@type":"EntryPoint","urlTemplate":"https:\/\/burimastarokortomis.lt\/?s={search_term_string}"},"query-input":"required name=search_term_string"}],"inLanguage":"ru-RU"},{"@type":"Organization","@id":"https:\/\/burimastarokortomis.lt\/#organization","name":"AskTarot - Liudmilos Tarologin\u0117s prognoz\u0117s","url":"https:\/\/burimastarokortomis.lt\/","logo":{"@type":"ImageObject","inLanguage":"ru-RU","@id":"https:\/\/burimastarokortomis.lt\/#\/schema\/logo\/image\/","url":"http:\/\/burimastarokortomis.lt\/wp-content\/uploads\/2023\/09\/tarot-card.png","contentUrl":"http:\/\/burimastarokortomis.lt\/wp-content\/uploads\/2023\/09\/tarot-card.png","width":512,"height":512,"caption":"AskTarot - Liudmilos Tarologin\u0117s prognoz\u0117s"},"image":{"@id":"https:\/\/burimastarokortomis.lt\/#\/schema\/logo\/image\/"},"sameAs":["https:\/\/www.facebook.com\/paklauskTaro\/"]}]}},"_links":{"self":[{"href":"https:\/\/burimastarokortomis.lt\/ru\/wp-json\/wp\/v2\/pages\/2","targetHints":{"allow":["GET"]}}],"collection":[{"href":"https:\/\/burimastarokortomis.lt\/ru\/wp-json\/wp\/v2\/pages"}],"about":[{"href":"https:\/\/burimastarokortomis.lt\/ru\/wp-json\/wp\/v2\/types\/page"}],"author":[{"embeddable":true,"href":"https:\/\/burimastarokortomis.lt\/ru\/wp-json\/wp\/v2\/users\/1"}],"replies":[{"embeddable":true,"href":"https:\/\/burimastarokortomis.lt\/ru\/wp-json\/wp\/v2\/comments?post=2"}],"version-history":[{"count":4,"href":"https:\/\/burimastarokortomis.lt\/ru\/wp-json\/wp\/v2\/pages\/2\/revisions"}],"predecessor-version":[{"id":461,"href":"https:\/\/burimastarokortomis.lt\/ru\/wp-json\/wp\/v2\/pages\/2\/revisions\/461"}],"wp:attachment":[{"href":"https:\/\/burimastarokortomis.lt\/ru\/wp-json\/wp\/v2\/media?parent=2"}],"curies":[{"name":"wp","href":"https:\/\/api.w.org\/{rel}","templated":true}]}}