{"id":113,"date":"2023-09-18T11:30:30","date_gmt":"2023-09-18T11:30:30","guid":{"rendered":"http:\/\/burimastarokortomis.lt\/?post_type=product&#038;p=113"},"modified":"2024-05-24T13:43:00","modified_gmt":"2024-05-24T13:43:00","slug":"raudona-apsaugine-apyranke-su-akute","status":"publish","type":"product","link":"https:\/\/burimastarokortomis.lt\/ru\/product\/raudona-apsaugine-apyranke-su-akute\/","title":{"rendered":"\u041a\u0440\u0430\u0441\u043d\u044b\u0439 \u0437\u0430\u0449\u0438\u0442\u043d\u044b\u0439 \u0431\u0440\u0430\u0441\u043b\u0435\u0442 \u0441 \u0443\u0448\u043a\u043e\u043c"},"content":{"rendered":"<p><strong><em>\u0421 \u0434\u0440\u0435\u0432\u043d\u0438\u0445 \u0432\u0440\u0435\u043c\u0435\u043d \u0437\u0430\u043f\u044f\u0441\u0442\u044c\u0435 \u0441\u0447\u0438\u0442\u0430\u043b\u043e\u0441\u044c \u043e\u0434\u043d\u043e\u0439 \u0438\u0437\n\u0441\u0430\u043c\u044b\u0445 \u0432\u0430\u0436\u043d\u044b\u0445 \u0438 \u0437\u043d\u0430\u0447\u0438\u043c\u044b\u0445 \u0437\u043e\u043d \u043d\u0430 \u0442\u0435\u043b\u0435 \u0447\u0435\u043b\u043e\u0432\u0435\u043a\u0430.\n\u042d\u0442\u043e \u043c\u0435\u0441\u0442\u043e, \u0433\u0434\u0435 \u0431\u044c\u0435\u0442\u0441\u044f \u043f\u0443\u043b\u044c\u0441, \u0433\u0434\u0435 \u043a\u043e\u043d\u0446\u0435\u043d\u0442\u0440\u0438\u0440\u0443\u0435\u0442\u0441\u044f\n\u0436\u0438\u0437\u043d\u0435\u043d\u043d\u0430\u044f \u044d\u043d\u0435\u0440\u0433\u0438\u044f, \u043a\u043e\u0442\u043e\u0440\u0443\u044e \u043c\u043e\u0436\u043d\u043e \u0437\u0430\u0431\u0440\u0430\u0442\u044c\n\u043f\u0440\u0438\u043a\u043e\u0441\u043d\u043e\u0432\u0435\u043d\u0438\u0435\u043c \u0437\u0430\u043f\u044f\u0441\u0442\u044c\u044f, \u043e\u0442\u0440\u0438\u0446\u0430\u0442\u0435\u043b\u044c\u043d\u0430\u044f \u044d\u043d\u0435\u0440\u0433\u0438\u044f \u043f\u043e\u0441\u0442\u0443\u043f\u0430\u0435\u0442 \u043a \u043d\u0430\u043c \u0447\u0435\u0440\u0435\u0437 \u0437\u0430\u043f\u044f\u0441\u0442\u044c\u0435 \u043b\u0435\u0432\u043e\u0439 \u0440\u0443\u043a\u0438.\n\u041f\u043e\u044d\u0442\u043e\u043c\u0443 \u043b\u0443\u0447\u0448\u0435 \u0432\u0441\u0435\u0433\u043e \u043f\u0440\u0438\u043a\u0440\u044b\u0442\u044c \u0437\u0430\u043f\u044f\u0441\u0442\u044c\u0435, \u0430 \u043a\u0440\u0430\u0441\u043d\u044b\u0439\n\u0431\u0440\u0430\u0441\u043b\u0435\u0442 \u2013 \u043e\u0434\u0438\u043d \u0438\u0437 \u0441\u043f\u043e\u0441\u043e\u0431\u043e\u0432 \u0437\u0430\u0449\u0438\u0442\u0438\u0442\u044c\u0441\u044f \u043e\u0442 \u043f\u0440\u044f\u043c\u043e\u0433\u043e\n\u043a\u043e\u043d\u0442\u0430\u043a\u0442\u0430 \u0441 \u0434\u0440\u0443\u0433\u0438\u043c\u0438 \u043b\u044e\u0434\u044c\u043c\u0438. \u0427\u0442\u043e\u0431\u044b \u0431\u0440\u0430\u0441\u043b\u0435\u0442\n\u043f\u0440\u0438\u043e\u0431\u0440\u0435\u043b \u0441\u0438\u043b\u044b \u0437\u0430\u0449\u0438\u0442\u044b \u0438 \u043f\u0440\u0438\u0432\u043b\u0435\u0447\u0435\u043d\u0438\u044f \u0443\u0441\u043f\u0435\u0445\u0430, \u0435\u0433\u043e\n\u043d\u0435\u043e\u0431\u0445\u043e\u0434\u0438\u043c\u043e \u043f\u0440\u0430\u0432\u0438\u043b\u044c\u043d\u043e \u0437\u0430\u0433\u043e\u0432\u043e\u0440\u0438\u0442\u044c \u0438 \u0430\u043a\u0442\u0438\u0432\u0438\u0440\u043e\u0432\u0430\u0442\u044c\n\u0441\u043f\u0435\u0446\u0438\u0430\u043b\u044c\u043d\u043e \u0434\u043b\u044f \u0442\u043e\u0433\u043e, \u043a\u0442\u043e \u0441\u043e\u0431\u0438\u0440\u0430\u0435\u0442\u0441\u044f \u0435\u0433\u043e \u043d\u043e\u0441\u0438\u0442\u044c.<\/em><\/strong><br \/>\n<strong><em>\u0420\u0430\u0437\u043c\u0435\u0440 \u0431\u0440\u0430\u0441\u043b\u0435\u0442\u0430 \u0440\u0435\u0433\u0443\u043b\u0438\u0440\u0443\u0435\u0442\u0441\u044f \u043f\u043e \u0448\u0438\u0440\u0438\u043d\u0435 \u0440\u0443\u043a\u0438.<\/em><\/strong><\/p>\n<p><strong><em>\u0426\u0435\u043d\u0430 30 \u20ac<\/em><\/strong><\/p>\n<p><strong><em>\u0412 \u0441\u0442\u043e\u0438\u043c\u043e\u0441\u0442\u044c \u0432\u0445\u043e\u0434\u0438\u0442 \u0432\u044b\u043f\u043e\u043b\u043d\u0435\u043d\u043d\u0430\u044f \u044d\u0437\u043e\u0442\u0435\u0440\u0438\u0447\u0435\u0441\u043a\u0430\u044f\n\u0440\u0430\u0431\u043e\u0442\u0430: \u0437\u0430\u0433\u043e\u0432\u043e\u0440 \u0438 \u0440\u0438\u0442\u0443\u0430\u043b \u0430\u043a\u0442\u0438\u0432\u0430\u0446\u0438\u0438\n(\u043f\u0440\u043e\u0433\u0440\u0430\u043c\u043c\u0438\u0440\u043e\u0432\u0430\u043d\u0438\u044f) \u043f\u043e \u0432\u0430\u0448\u0438\u043c \u043b\u0438\u0447\u043d\u044b\u043c \u0434\u0430\u043d\u043d\u044b\u043c.<\/em><\/strong><\/p>\n<h5>Kaip u\u017esakyti: \u012fsid\u0117kite norim\u0105 d\u0117lion\u0119 \u012f krep\u0161el\u012f ir eikie \u012f skilt\u012f &#8222;apmok\u0117jimas&#8221;, u\u017epildykite &#8222;pirk\u0117jo duomenys&#8221; ir spauskite &#8222;apmok\u0117ti&#8221; ir tuomet i\u0161kart \u012f savo nurodyt\u0105 elektronin\u012f pa\u0161t\u0105 gausite mano s\u0105skaitos numer\u012f, \u012f kur\u012f turite padaryti pavedim\u0105 u\u017e pasirinkt\u0105 prek\u0119. Po pavedimo atlikimo vienos darbo dienos b\u0117gyje a\u0161 su jumis susisieksiu j\u016bs\u0173 nurodytu el.pa\u0161tu arba j\u016bs\u0173 nurodyru telefono numeriu per Vber ar WhatsApp.<\/h5>","protected":false},"excerpt":{"rendered":"<p>\u041a\u0440\u0430\u0441\u043d\u044b\u0439 \u043f\u043b\u0435\u0442\u0435\u043d\u044b\u0439 \u0431\u0440\u0430\u0441\u043b\u0435\u0442 \u0441 \u0443\u0448\u043a\u043e\u043c, \u043f\u043e\u0434\u0445\u043e\u0434\u0438\u0442 \u0434\u043b\u044f\n\u043b\u044e\u0431\u043e\u0433\u043e \u0440\u0430\u0437\u043c\u0435\u0440\u0430 \u0437\u0430\u043f\u044f\u0441\u0442\u044c\u044f<\/p>","protected":false},"featured_media":265,"template":"","meta":{"ocean_post_layout":"","ocean_both_sidebars_style":"","ocean_both_sidebars_content_width":0,"ocean_both_sidebars_sidebars_width":0,"ocean_sidebar":"0","ocean_second_sidebar":"0","ocean_disable_margins":"enable","ocean_add_body_class":"","ocean_shortcode_before_top_bar":"","ocean_shortcode_after_top_bar":"","ocean_shortcode_before_header":"","ocean_shortcode_after_header":"","ocean_has_shortcode":"","ocean_shortcode_after_title":"","ocean_shortcode_before_footer_widgets":"","ocean_shortcode_after_footer_widgets":"","ocean_shortcode_before_footer_bottom":"","ocean_shortcode_after_footer_bottom":"","ocean_display_top_bar":"default","ocean_display_header":"default","ocean_header_style":"","ocean_center_header_left_menu":"0","ocean_custom_header_template":"0","ocean_custom_logo":0,"ocean_custom_retina_logo":0,"ocean_custom_logo_max_width":0,"ocean_custom_logo_tablet_max_width":0,"ocean_custom_logo_mobile_max_width":0,"ocean_custom_logo_max_height":0,"ocean_custom_logo_tablet_max_height":0,"ocean_custom_logo_mobile_max_height":0,"ocean_header_custom_menu":"0","ocean_menu_typo_font_family":"0","ocean_menu_typo_font_subset":"","ocean_menu_typo_font_size":0,"ocean_menu_typo_font_size_tablet":0,"ocean_menu_typo_font_size_mobile":0,"ocean_menu_typo_font_size_unit":"px","ocean_menu_typo_font_weight":"","ocean_menu_typo_font_weight_tablet":"","ocean_menu_typo_font_weight_mobile":"","ocean_menu_typo_transform":"","ocean_menu_typo_transform_tablet":"","ocean_menu_typo_transform_mobile":"","ocean_menu_typo_line_height":0,"ocean_menu_typo_line_height_tablet":0,"ocean_menu_typo_line_height_mobile":0,"ocean_menu_typo_line_height_unit":"","ocean_menu_typo_spacing":0,"ocean_menu_typo_spacing_tablet":0,"ocean_menu_typo_spacing_mobile":0,"ocean_menu_typo_spacing_unit":"","ocean_menu_link_color":"","ocean_menu_link_color_hover":"","ocean_menu_link_color_active":"","ocean_menu_link_background":"","ocean_menu_link_hover_background":"","ocean_menu_link_active_background":"","ocean_menu_social_links_bg":"","ocean_menu_social_hover_links_bg":"","ocean_menu_social_links_color":"","ocean_menu_social_hover_links_color":"","ocean_disable_title":"default","ocean_disable_heading":"default","ocean_post_title":"","ocean_post_subheading":"","ocean_post_title_style":"","ocean_post_title_background_color":"","ocean_post_title_background":0,"ocean_post_title_bg_image_position":"","ocean_post_title_bg_image_attachment":"","ocean_post_title_bg_image_repeat":"","ocean_post_title_bg_image_size":"","ocean_post_title_height":0,"ocean_post_title_bg_overlay":0.5,"ocean_post_title_bg_overlay_color":"","ocean_disable_breadcrumbs":"default","ocean_breadcrumbs_color":"","ocean_breadcrumbs_separator_color":"","ocean_breadcrumbs_links_color":"","ocean_breadcrumbs_links_hover_color":"","ocean_display_footer_widgets":"default","ocean_display_footer_bottom":"default","ocean_custom_footer_template":"0"},"product_brand":[],"product_cat":[24],"product_tag":[],"class_list":{"0":"post-113","1":"product","2":"type-product","3":"status-publish","4":"has-post-thumbnail","6":"product_cat-apsaugines-apyrankes","8":"entry","9":"has-media","11":"first","12":"instock","13":"shipping-taxable","14":"purchasable","15":"product-type-simple","16":"col","17":"span_1_of_3","18":"owp-content-center","19":"owp-thumbs-layout-horizontal","20":"owp-btn-normal","21":"owp-tabs-layout-horizontal","22":"has-no-thumbnails"},"yoast_head":"<!-- This site is optimized with the Yoast SEO plugin v22.7 - https:\/\/yoast.com\/wordpress\/plugins\/seo\/ -->\n<title>Raudona apsaugin\u0117 apyrank\u0117 su akute | B\u016brimas taro kortomis<\/title>\n<meta name=\"description\" content=\"Raudona apsaugin\u0117 apyrank\u0117 su akute. Kvie\u010diame u\u017esukti ir i\u0161sirinkti ir kit\u0173 apsaugini\u0173 apyranki\u0173 , s\u0117km\u0117s bei finans\u0173 talisman\u0173 bei amulet\u0173.\" \/>\n<meta name=\"robots\" content=\"index, follow, max-snippet:-1, max-image-preview:large, max-video-preview:-1\" \/>\n<link rel=\"canonical\" href=\"https:\/\/burimastarokortomis.lt\/ru\/product\/raudona-apsaugine-apyranke-su-akute\/\" \/>\n<meta property=\"og:locale\" content=\"ru_RU\" \/>\n<meta property=\"og:type\" content=\"article\" \/>\n<meta property=\"og:title\" content=\"Raudona apsaugin\u0117 apyrank\u0117 su akute | B\u016brimas taro kortomis\" \/>\n<meta property=\"og:description\" content=\"Raudona apsaugin\u0117 apyrank\u0117 su akute. Kvie\u010diame u\u017esukti ir i\u0161sirinkti ir kit\u0173 apsaugini\u0173 apyranki\u0173 , s\u0117km\u0117s bei finans\u0173 talisman\u0173 bei amulet\u0173.\" \/>\n<meta property=\"og:url\" content=\"https:\/\/burimastarokortomis.lt\/ru\/product\/raudona-apsaugine-apyranke-su-akute\/\" \/>\n<meta property=\"og:site_name\" content=\"B\u016brimas taro kortomis\" \/>\n<meta property=\"article:publisher\" content=\"https:\/\/www.facebook.com\/paklauskTaro\/\" \/>\n<meta property=\"article:modified_time\" content=\"2024-05-24T13:43:00+00:00\" \/>\n<meta property=\"og:image\" content=\"https:\/\/burimastarokortomis.lt\/wp-content\/uploads\/2023\/09\/325890254_686880646418185_4362184583836691802_n.jpg\" \/>\n\t<meta property=\"og:image:width\" content=\"950\" \/>\n\t<meta property=\"og:image:height\" content=\"665\" \/>\n\t<meta property=\"og:image:type\" content=\"image\/jpeg\" \/>\n<meta name=\"twitter:card\" content=\"summary_large_image\" \/>\n<meta name=\"twitter:label1\" content=\"\u041f\u0440\u0438\u043c\u0435\u0440\u043d\u043e\u0435 \u0432\u0440\u0435\u043c\u044f \u0434\u043b\u044f \u0447\u0442\u0435\u043d\u0438\u044f\" \/>\n\t<meta name=\"twitter:data1\" content=\"2 \u043c\u0438\u043d\u0443\u0442\u044b\" \/>\n<script type=\"application\/ld+json\" class=\"yoast-schema-graph\">{\"@context\":\"https:\/\/schema.org\",\"@graph\":[{\"@type\":\"WebPage\",\"@id\":\"https:\/\/burimastarokortomis.lt\/produktas\/raudona-apsaugine-apyranke-su-akute\/\",\"url\":\"https:\/\/burimastarokortomis.lt\/produktas\/raudona-apsaugine-apyranke-su-akute\/\",\"name\":\"Raudona apsaugin\u0117 apyrank\u0117 su akute | B\u016brimas taro kortomis\",\"isPartOf\":{\"@id\":\"https:\/\/burimastarokortomis.lt\/#website\"},\"primaryImageOfPage\":{\"@id\":\"https:\/\/burimastarokortomis.lt\/produktas\/raudona-apsaugine-apyranke-su-akute\/#primaryimage\"},\"image\":{\"@id\":\"https:\/\/burimastarokortomis.lt\/produktas\/raudona-apsaugine-apyranke-su-akute\/#primaryimage\"},\"thumbnailUrl\":\"https:\/\/burimastarokortomis.lt\/wp-content\/uploads\/2023\/09\/325890254_686880646418185_4362184583836691802_n.jpg\",\"datePublished\":\"2023-09-18T11:30:30+00:00\",\"dateModified\":\"2024-05-24T13:43:00+00:00\",\"description\":\"Raudona apsaugin\u0117 apyrank\u0117 su akute. Kvie\u010diame u\u017esukti ir i\u0161sirinkti ir kit\u0173 apsaugini\u0173 apyranki\u0173 , s\u0117km\u0117s bei finans\u0173 talisman\u0173 bei amulet\u0173.\",\"breadcrumb\":{\"@id\":\"https:\/\/burimastarokortomis.lt\/produktas\/raudona-apsaugine-apyranke-su-akute\/#breadcrumb\"},\"inLanguage\":\"ru-RU\",\"potentialAction\":[{\"@type\":\"ReadAction\",\"target\":[\"https:\/\/burimastarokortomis.lt\/produktas\/raudona-apsaugine-apyranke-su-akute\/\"]}]},{\"@type\":\"ImageObject\",\"inLanguage\":\"ru-RU\",\"@id\":\"https:\/\/burimastarokortomis.lt\/produktas\/raudona-apsaugine-apyranke-su-akute\/#primaryimage\",\"url\":\"https:\/\/burimastarokortomis.lt\/wp-content\/uploads\/2023\/09\/325890254_686880646418185_4362184583836691802_n.jpg\",\"contentUrl\":\"https:\/\/burimastarokortomis.lt\/wp-content\/uploads\/2023\/09\/325890254_686880646418185_4362184583836691802_n.jpg\",\"width\":950,\"height\":665},{\"@type\":\"BreadcrumbList\",\"@id\":\"https:\/\/burimastarokortomis.lt\/produktas\/raudona-apsaugine-apyranke-su-akute\/#breadcrumb\",\"itemListElement\":[{\"@type\":\"ListItem\",\"position\":1,\"name\":\"Home\",\"item\":\"https:\/\/burimastarokortomis.lt\/\"},{\"@type\":\"ListItem\",\"position\":2,\"name\":\"Parduotuv\u0117\",\"item\":\"https:\/\/burimastarokortomis.lt\/parduotuve\/\"},{\"@type\":\"ListItem\",\"position\":3,\"name\":\"Raudona apsaugin\u0117 apyrank\u0117 su akute\"}]},{\"@type\":\"WebSite\",\"@id\":\"https:\/\/burimastarokortomis.lt\/#website\",\"url\":\"https:\/\/burimastarokortomis.lt\/\",\"name\":\"Ask Tarot\",\"description\":\"Liudmilos Tarologin\u0117s prognoz\u0117s\",\"publisher\":{\"@id\":\"https:\/\/burimastarokortomis.lt\/#organization\"},\"alternateName\":\"Ask Tarot - Liudmilos Tarologin\u0117s prognoz\u0117s\",\"potentialAction\":[{\"@type\":\"SearchAction\",\"target\":{\"@type\":\"EntryPoint\",\"urlTemplate\":\"https:\/\/burimastarokortomis.lt\/?s={search_term_string}\"},\"query-input\":\"required name=search_term_string\"}],\"inLanguage\":\"ru-RU\"},{\"@type\":\"Organization\",\"@id\":\"https:\/\/burimastarokortomis.lt\/#organization\",\"name\":\"AskTarot - Liudmilos Tarologin\u0117s prognoz\u0117s\",\"url\":\"https:\/\/burimastarokortomis.lt\/\",\"logo\":{\"@type\":\"ImageObject\",\"inLanguage\":\"ru-RU\",\"@id\":\"https:\/\/burimastarokortomis.lt\/#\/schema\/logo\/image\/\",\"url\":\"http:\/\/burimastarokortomis.lt\/wp-content\/uploads\/2023\/09\/tarot-card.png\",\"contentUrl\":\"http:\/\/burimastarokortomis.lt\/wp-content\/uploads\/2023\/09\/tarot-card.png\",\"width\":512,\"height\":512,\"caption\":\"AskTarot - Liudmilos Tarologin\u0117s prognoz\u0117s\"},\"image\":{\"@id\":\"https:\/\/burimastarokortomis.lt\/#\/schema\/logo\/image\/\"},\"sameAs\":[\"https:\/\/www.facebook.com\/paklauskTaro\/\"]}]}<\/script>\n<!-- \/ Yoast SEO plugin. -->","yoast_head_json":{"title":"Raudona apsaugin\u0117 apyrank\u0117 su akute | B\u016brimas taro kortomis","description":"Raudona apsaugin\u0117 apyrank\u0117 su akute. Kvie\u010diame u\u017esukti ir i\u0161sirinkti ir kit\u0173 apsaugini\u0173 apyranki\u0173 , s\u0117km\u0117s bei finans\u0173 talisman\u0173 bei amulet\u0173.","robots":{"index":"index","follow":"follow","max-snippet":"max-snippet:-1","max-image-preview":"max-image-preview:large","max-video-preview":"max-video-preview:-1"},"canonical":"https:\/\/burimastarokortomis.lt\/ru\/product\/raudona-apsaugine-apyranke-su-akute\/","og_locale":"ru_RU","og_type":"article","og_title":"Raudona apsaugin\u0117 apyrank\u0117 su akute | B\u016brimas taro kortomis","og_description":"Raudona apsaugin\u0117 apyrank\u0117 su akute. Kvie\u010diame u\u017esukti ir i\u0161sirinkti ir kit\u0173 apsaugini\u0173 apyranki\u0173 , s\u0117km\u0117s bei finans\u0173 talisman\u0173 bei amulet\u0173.","og_url":"https:\/\/burimastarokortomis.lt\/ru\/product\/raudona-apsaugine-apyranke-su-akute\/","og_site_name":"B\u016brimas taro kortomis","article_publisher":"https:\/\/www.facebook.com\/paklauskTaro\/","article_modified_time":"2024-05-24T13:43:00+00:00","og_image":[{"width":950,"height":665,"url":"https:\/\/burimastarokortomis.lt\/wp-content\/uploads\/2023\/09\/325890254_686880646418185_4362184583836691802_n.jpg","type":"image\/jpeg"}],"twitter_card":"summary_large_image","twitter_misc":{"\u041f\u0440\u0438\u043c\u0435\u0440\u043d\u043e\u0435 \u0432\u0440\u0435\u043c\u044f \u0434\u043b\u044f \u0447\u0442\u0435\u043d\u0438\u044f":"2 \u043c\u0438\u043d\u0443\u0442\u044b"},"schema":{"@context":"https:\/\/schema.org","@graph":[{"@type":"WebPage","@id":"https:\/\/burimastarokortomis.lt\/produktas\/raudona-apsaugine-apyranke-su-akute\/","url":"https:\/\/burimastarokortomis.lt\/produktas\/raudona-apsaugine-apyranke-su-akute\/","name":"Raudona apsaugin\u0117 apyrank\u0117 su akute | B\u016brimas taro kortomis","isPartOf":{"@id":"https:\/\/burimastarokortomis.lt\/#website"},"primaryImageOfPage":{"@id":"https:\/\/burimastarokortomis.lt\/produktas\/raudona-apsaugine-apyranke-su-akute\/#primaryimage"},"image":{"@id":"https:\/\/burimastarokortomis.lt\/produktas\/raudona-apsaugine-apyranke-su-akute\/#primaryimage"},"thumbnailUrl":"https:\/\/burimastarokortomis.lt\/wp-content\/uploads\/2023\/09\/325890254_686880646418185_4362184583836691802_n.jpg","datePublished":"2023-09-18T11:30:30+00:00","dateModified":"2024-05-24T13:43:00+00:00","description":"Raudona apsaugin\u0117 apyrank\u0117 su akute. Kvie\u010diame u\u017esukti ir i\u0161sirinkti ir kit\u0173 apsaugini\u0173 apyranki\u0173 , s\u0117km\u0117s bei finans\u0173 talisman\u0173 bei amulet\u0173.","breadcrumb":{"@id":"https:\/\/burimastarokortomis.lt\/produktas\/raudona-apsaugine-apyranke-su-akute\/#breadcrumb"},"inLanguage":"ru-RU","potentialAction":[{"@type":"ReadAction","target":["https:\/\/burimastarokortomis.lt\/produktas\/raudona-apsaugine-apyranke-su-akute\/"]}]},{"@type":"ImageObject","inLanguage":"ru-RU","@id":"https:\/\/burimastarokortomis.lt\/produktas\/raudona-apsaugine-apyranke-su-akute\/#primaryimage","url":"https:\/\/burimastarokortomis.lt\/wp-content\/uploads\/2023\/09\/325890254_686880646418185_4362184583836691802_n.jpg","contentUrl":"https:\/\/burimastarokortomis.lt\/wp-content\/uploads\/2023\/09\/325890254_686880646418185_4362184583836691802_n.jpg","width":950,"height":665},{"@type":"BreadcrumbList","@id":"https:\/\/burimastarokortomis.lt\/produktas\/raudona-apsaugine-apyranke-su-akute\/#breadcrumb","itemListElement":[{"@type":"ListItem","position":1,"name":"Home","item":"https:\/\/burimastarokortomis.lt\/"},{"@type":"ListItem","position":2,"name":"Parduotuv\u0117","item":"https:\/\/burimastarokortomis.lt\/parduotuve\/"},{"@type":"ListItem","position":3,"name":"Raudona apsaugin\u0117 apyrank\u0117 su akute"}]},{"@type":"WebSite","@id":"https:\/\/burimastarokortomis.lt\/#website","url":"https:\/\/burimastarokortomis.lt\/","name":"Ask Tarot","description":"Liudmilos Tarologin\u0117s prognoz\u0117s","publisher":{"@id":"https:\/\/burimastarokortomis.lt\/#organization"},"alternateName":"Ask Tarot - Liudmilos Tarologin\u0117s prognoz\u0117s","potentialAction":[{"@type":"SearchAction","target":{"@type":"EntryPoint","urlTemplate":"https:\/\/burimastarokortomis.lt\/?s={search_term_string}"},"query-input":"required name=search_term_string"}],"inLanguage":"ru-RU"},{"@type":"Organization","@id":"https:\/\/burimastarokortomis.lt\/#organization","name":"AskTarot - Liudmilos Tarologin\u0117s prognoz\u0117s","url":"https:\/\/burimastarokortomis.lt\/","logo":{"@type":"ImageObject","inLanguage":"ru-RU","@id":"https:\/\/burimastarokortomis.lt\/#\/schema\/logo\/image\/","url":"http:\/\/burimastarokortomis.lt\/wp-content\/uploads\/2023\/09\/tarot-card.png","contentUrl":"http:\/\/burimastarokortomis.lt\/wp-content\/uploads\/2023\/09\/tarot-card.png","width":512,"height":512,"caption":"AskTarot - Liudmilos Tarologin\u0117s prognoz\u0117s"},"image":{"@id":"https:\/\/burimastarokortomis.lt\/#\/schema\/logo\/image\/"},"sameAs":["https:\/\/www.facebook.com\/paklauskTaro\/"]}]}},"_links":{"self":[{"href":"https:\/\/burimastarokortomis.lt\/ru\/wp-json\/wp\/v2\/product\/113","targetHints":{"allow":["GET"]}}],"collection":[{"href":"https:\/\/burimastarokortomis.lt\/ru\/wp-json\/wp\/v2\/product"}],"about":[{"href":"https:\/\/burimastarokortomis.lt\/ru\/wp-json\/wp\/v2\/types\/product"}],"wp:featuredmedia":[{"embeddable":true,"href":"https:\/\/burimastarokortomis.lt\/ru\/wp-json\/wp\/v2\/media\/265"}],"wp:attachment":[{"href":"https:\/\/burimastarokortomis.lt\/ru\/wp-json\/wp\/v2\/media?parent=113"}],"wp:term":[{"taxonomy":"product_brand","embeddable":true,"href":"https:\/\/burimastarokortomis.lt\/ru\/wp-json\/wp\/v2\/product_brand?post=113"},{"taxonomy":"product_cat","embeddable":true,"href":"https:\/\/burimastarokortomis.lt\/ru\/wp-json\/wp\/v2\/product_cat?post=113"},{"taxonomy":"product_tag","embeddable":true,"href":"https:\/\/burimastarokortomis.lt\/ru\/wp-json\/wp\/v2\/product_tag?post=113"}],"curies":[{"name":"wp","href":"https:\/\/api.w.org\/{rel}","templated":true}]}}