{"id":114,"date":"2023-09-18T11:30:52","date_gmt":"2023-09-18T11:30:52","guid":{"rendered":"http:\/\/burimastarokortomis.lt\/?post_type=product&#038;p=114"},"modified":"2024-12-06T15:28:44","modified_gmt":"2024-12-06T15:28:44","slug":"moneta-acteku-kalendorius-saules-akmuo","status":"publish","type":"product","link":"https:\/\/burimastarokortomis.lt\/ru\/product\/moneta-acteku-kalendorius-saules-akmuo\/","title":{"rendered":"\u041c\u043e\u043d\u0435\u0442\u0430 \u00ab\u041a\u0430\u043b\u0435\u043d\u0434\u0430\u0440\u044c \u0430\u0446\u0442\u0435\u043a\u043e\u0432 - \u0441\u043e\u043b\u043d\u0435\u0447\u043d\u044b\u0439 \u043a\u0430\u043c\u0435\u043d\u044c\u00bb"},"content":{"rendered":"<p><strong><em>\u041c\u043e\u043d\u0435\u0442\u0430-\u0442\u0430\u043b\u0438\u0441\u043c\u0430\u043d \u00ab\u041a\u0430\u043b\u0435\u043d\u0434\u0430\u0440\u044c \u0430\u0446\u0442\u0435\u043a\u043e\u0432 - \u0441\u043e\u043b\u043d\u0435\u0447\u043d\u044b\u0439\n\u043a\u0430\u043c\u0435\u043d\u044c\u00bb \u2013 \u044d\u0442\u043e \u0432\u0435\u043b\u0438\u043a\u0438\u0439 \u0430\u043b\u0442\u0430\u0440\u044c \u0436\u0438\u0437\u043d\u0438 \u0441\n\u0430\u0441\u0442\u0440\u043e\u043b\u043e\u0433\u0438\u0447\u0435\u0441\u043a\u0438\u043c\u0438 \u0441\u0438\u043c\u0432\u043e\u043b\u0430\u043c\u0438 \u0438 \u043d\u0430\u043f\u0440\u0430\u0432\u043b\u0435\u043d\u0438\u044f\u043c\u0438\n\u043c\u0438\u0440\u0430. \u041e\u043d \u043f\u043e\u043c\u043e\u0433\u0430\u0435\u0442 \u0440\u0430\u0446\u0438\u043e\u043d\u0430\u043b\u044c\u043d\u043e \u0438 \u043f\u0440\u0430\u0432\u0438\u043b\u044c\u043d\u043e\n\u0438\u0441\u043f\u043e\u043b\u044c\u0437\u043e\u0432\u0430\u0442\u044c \u0441\u0432\u043e\u0435 \u0432\u0440\u0435\u043c\u044f. \u0418\u0441\u043f\u043e\u043b\u044c\u0437\u043e\u0432\u0430\u043d\u0438\u0435\n\u0441\u043e\u043b\u043d\u0435\u0447\u043d\u043e\u0433\u043e \u043a\u0430\u043c\u043d\u044f \u0430\u0446\u0442\u0435\u043a\u043e\u0432 \u0432 \u043a\u0430\u0447\u0435\u0441\u0442\u0432\u0435 \u0442\u0430\u043b\u0438\u0441\u043c\u0430\u043d\u0430\n\u043f\u043e\u043c\u043e\u0433\u0430\u0435\u0442 \u0443\u0432\u0435\u043b\u0438\u0447\u0438\u0442\u044c \u043f\u0440\u0438\u0431\u044b\u043b\u044c \u0432 \u0431\u043e\u043b\u0435\u0435 \u043a\u043e\u0440\u043e\u0442\u043a\u0438\u0435\n\u0441\u0440\u043e\u043a\u0438, \u0430 \u0442\u0430\u043a\u0436\u0435 \u043f\u0440\u043e\u0431\u0443\u0436\u0434\u0430\u0435\u0442 \u0438\u043d\u0442\u0443\u0438\u0446\u0438\u044e \u0438\n\u0441\u043f\u043e\u0441\u043e\u0431\u043d\u043e\u0441\u0442\u044c \u043f\u0440\u0435\u0434\u0441\u043a\u0430\u0437\u044b\u0432\u0430\u0442\u044c \u0441\u043e\u0431\u044b\u0442\u0438\u044f.<\/em><\/strong><\/p>\n<p><strong><em>\u042f \u0430\u043a\u0442\u0438\u0432\u0438\u0440\u0443\u044e (\u0437\u0430\u0440\u044f\u0436\u0443) \u0430\u043c\u0443\u043b\u0435\u0442:<\/em><\/strong><br \/>\n<strong><em><span class=\"x3nfvp2 x1j61x8r x1fcty0u xdj266r xhhsvwb xat24cr xgzva0m xxymvpz xlup9mm x1kky2od\"><img decoding=\"async\" class=\"xz74otr\" src=\"https:\/\/static.xx.fbcdn.net\/images\/emoji.php\/v9\/t72\/1\/16\/1f538.png\" alt=\"\ufe0f\" width=\"16\" height=\"16\" \/><\/span>\u0434\u043b\u044f \u0431\u043e\u043b\u0435\u0435 \u0431\u044b\u0441\u0442\u0440\u043e\u0433\u043e\n\u0440\u043e\u0441\u0442\u0430 \u0444\u0438\u043d\u0430\u043d\u0441\u043e\u0432, \u0443\u0432\u0435\u043b\u0438\u0447\u0435\u043d\u0438\u044f \u0432\u0430\u0448\u0435\u0433\u043e \u0434\u043e\u0445\u043e\u0434\u0430;<\/em><\/strong><br \/>\n<strong><em><span class=\"x3nfvp2 x1j61x8r x1fcty0u xdj266r xhhsvwb xat24cr xgzva0m xxymvpz xlup9mm x1kky2od\"><img decoding=\"async\" class=\"xz74otr\" src=\"https:\/\/static.xx.fbcdn.net\/images\/emoji.php\/v9\/t72\/1\/16\/1f538.png\" alt=\"\ufe0f\" width=\"16\" height=\"16\" \/><\/span>\u0434\u043b\u044f\n\u043e\u0442\u043a\u0440\u044b\u0442\u0438\u044f \u0434\u0435\u043d\u0435\u0436\u043d\u043e\u0433\u043e \u043a\u0430\u043d\u0430\u043b\u0430, \u043c\u0430\u0442\u0435\u0440\u0438\u0430\u043b\u044c\u043d\u043e\u0433\u043e\n\u0431\u043b\u0430\u0433\u043e\u043f\u043e\u043b\u0443\u0447\u0438\u044f;<\/em><\/strong><br \/>\n<strong><em><span class=\"x3nfvp2 x1j61x8r x1fcty0u xdj266r xhhsvwb xat24cr xgzva0m xxymvpz xlup9mm x1kky2od\"><img decoding=\"async\" class=\"xz74otr\" src=\"https:\/\/static.xx.fbcdn.net\/images\/emoji.php\/v9\/t72\/1\/16\/1f538.png\" alt=\"\ufe0f\" width=\"16\" height=\"16\" \/><\/span>\u0447\u0442\u043e\u0431\u044b \u043f\u0440\u0438\u0432\u043b\u0435\u0447\u044c \u0443\u0434\u0430\u0447\u0443 \u0438 \u0431\u044b\u0441\u0442\u0440\u0435\u0435\n\u043f\u043e\u043b\u0443\u0447\u0438\u0442\u044c \u043f\u0440\u0438\u0431\u044b\u043b\u044c \u043e\u0442 \u043b\u044e\u0431\u043e\u0433\u043e \u0437\u0430\u043f\u043b\u0430\u043d\u0438\u0440\u043e\u0432\u0430\u043d\u043d\u043e\u0433\u043e\n\u0434\u0435\u043b\u0430.<\/em><\/strong><\/p>\n<p><strong><em>\u042d\u0442\u043e\u0442 \u0430\u043c\u0443\u043b\u0435\u0442 \u0434\u043e\u043b\u0436\u0435\u043d \u0432\u0441\u0435\u0433\u0434\u0430 \u043b\u0435\u0436\u0430\u0442\u044c \u0432 \u0432\u0430\u0448\u0435\u043c\n\u043a\u043e\u0448\u0435\u043b\u044c\u043a\u0435, \u043d\u043e \u043e\u0431\u044f\u0437\u0430\u0442\u0435\u043b\u044c\u043d\u043e \u043e\u0442\u0434\u0435\u043b\u044c\u043d\u043e \u043e\u0442 \u0434\u0440\u0443\u0433\u0438\u0445 \u0434\u0435\u043d\u0435\u0433\n(\u043d\u0430\u043f\u0440\u0438\u043c\u0435\u0440, \u0432 \u043e\u0442\u0434\u0435\u043b\u044c\u043d\u043e\u043c \u0440\u0430\u0437\u0434\u0435\u043b\u0435 \u043a\u043e\u0448\u0435\u043b\u044c\u043a\u0430), \u043d\u0435\n\u043f\u0440\u0438\u043a\u0430\u0441\u0430\u044f\u0441\u044c \u043a \u043d\u0438\u043c. \u0415\u0433\u043e \u043d\u0435\u043b\u044c\u0437\u044f \u043d\u0438\u043a\u043e\u043c\u0443 \u043e\u0442\u0434\u0430\u0432\u0430\u0442\u044c, \u0435\u0441\u043b\u0438\n\u043e\u043d \u0437\u0430\u0440\u044f\u0436\u0435\u043d \u0441\u043f\u0435\u0446\u0438\u0430\u043b\u044c\u043d\u043e \u0434\u043b\u044f \u0432\u0430\u0441 (\u0435\u0441\u043b\u0438 \u0442\u043e\u043b\u044c\u043a\u043e \u0432\u044b \u043d\u0435\n\u0437\u0430\u043a\u0430\u0437\u044b\u0432\u0430\u0435\u0442\u0435 \u0435\u0433\u043e \u0434\u043b\u044f \u043a\u043e\u0433\u043e-\u0442\u043e \u0434\u0440\u0443\u0433\u043e\u0433\u043e, \u0430 \u043d\u0435 \u0434\u043b\u044f \u0441\u0435\u0431\u044f).\n\u041e\u0441\u043e\u0431\u0435\u043d\u043d\u043e \u0430\u043a\u0442\u0443\u0430\u043b\u0435\u043d \u0442\u0430\u043a\u043e\u0439 \u0430\u043c\u0443\u043b\u0435\u0442 \u0434\u043b\u044f \u043b\u044e\u0434\u0435\u0439,\n\u043a\u043e\u0442\u043e\u0440\u044b\u0435 \u043c\u043d\u043e\u0433\u043e \u043f\u0443\u0442\u0435\u0448\u0435\u0441\u0442\u0432\u0443\u044e\u0442, \u0438\u043c\u0435\u044e\u0442 \u0441\u0432\u043e\u0439 \u0431\u0438\u0437\u043d\u0435\u0441\n\u0438\u043b\u0438 \u0442\u043e\u043b\u044c\u043a\u043e \u043f\u043b\u0430\u043d\u0438\u0440\u0443\u044e\u0442 \u0435\u0433\u043e \u043e\u0442\u043a\u0440\u044b\u0432\u0430\u0442\u044c.<\/em><\/strong><\/p>\n<p><strong><em>\u0414\u0438\u0430\u043c\u0435\u0442\u0440 \u043c\u043e\u043d\u0435\u0442\u044b 4 \u0441\u043c, \u0432\u0435\u0441 40 \u0433. \u0414\u043e\u0441\u0442\u0430\u0442\u043e\u0447\u043d\u043e\n\u0431\u043e\u043b\u044c\u0448\u0430\u044f.<\/em><\/strong><\/p>\n<p><strong><em>\u0412 \u0441\u0442\u043e\u0438\u043c\u043e\u0441\u0442\u044c \u0432\u0445\u043e\u0434\u0438\u0442 \u0432\u044b\u043f\u043e\u043b\u043d\u0435\u043d\u043d\u0430\u044f \u044d\u0437\u043e\u0442\u0435\u0440\u0438\u0447\u0435\u0441\u043a\u0430\u044f\n\u0440\u0430\u0431\u043e\u0442\u0430: \u0437\u0430\u0433\u043e\u0432\u043e\u0440 \u0438 \u0440\u0438\u0442\u0443\u0430\u043b \u0430\u043a\u0442\u0438\u0432\u0430\u0446\u0438\u0438\n(\u043f\u0440\u043e\u0433\u0440\u0430\u043c\u043c\u0438\u0440\u043e\u0432\u0430\u043d\u0438\u044f) \u043f\u043e \u0432\u0430\u0448\u0438\u043c \u043b\u0438\u0447\u043d\u044b\u043c \u0434\u0430\u043d\u043d\u044b\u043c.<\/em><\/strong><\/p>","protected":false},"excerpt":{"rendered":"<p>\u042d\u0442\u043e\u0442 \u0430\u043c\u0443\u043b\u0435\u0442 \u043f\u0440\u0435\u0434\u043d\u0430\u0437\u043d\u0430\u0447\u0435\u043d \u0434\u043b\u044f \u0440\u043e\u0441\u0442\u0430 \u0444\u0438\u043d\u0430\u043d\u0441\u043e\u0432 \u0438\n\u0430\u043a\u0442\u0438\u0432\u0438\u0437\u0430\u0446\u0438\u0438 \u0444\u0438\u043d\u0430\u043d\u0441\u043e\u0432\u043e\u0433\u043e \u0443\u0441\u043f\u0435\u0445\u0430<\/p>","protected":false},"featured_media":262,"template":"","meta":{"ocean_post_layout":"","ocean_both_sidebars_style":"","ocean_both_sidebars_content_width":0,"ocean_both_sidebars_sidebars_width":0,"ocean_sidebar":"0","ocean_second_sidebar":"0","ocean_disable_margins":"enable","ocean_add_body_class":"","ocean_shortcode_before_top_bar":"","ocean_shortcode_after_top_bar":"","ocean_shortcode_before_header":"","ocean_shortcode_after_header":"","ocean_has_shortcode":"","ocean_shortcode_after_title":"","ocean_shortcode_before_footer_widgets":"","ocean_shortcode_after_footer_widgets":"","ocean_shortcode_before_footer_bottom":"","ocean_shortcode_after_footer_bottom":"","ocean_display_top_bar":"default","ocean_display_header":"default","ocean_header_style":"","ocean_center_header_left_menu":"0","ocean_custom_header_template":"0","ocean_custom_logo":0,"ocean_custom_retina_logo":0,"ocean_custom_logo_max_width":0,"ocean_custom_logo_tablet_max_width":0,"ocean_custom_logo_mobile_max_width":0,"ocean_custom_logo_max_height":0,"ocean_custom_logo_tablet_max_height":0,"ocean_custom_logo_mobile_max_height":0,"ocean_header_custom_menu":"0","ocean_menu_typo_font_family":"0","ocean_menu_typo_font_subset":"","ocean_menu_typo_font_size":0,"ocean_menu_typo_font_size_tablet":0,"ocean_menu_typo_font_size_mobile":0,"ocean_menu_typo_font_size_unit":"px","ocean_menu_typo_font_weight":"","ocean_menu_typo_font_weight_tablet":"","ocean_menu_typo_font_weight_mobile":"","ocean_menu_typo_transform":"","ocean_menu_typo_transform_tablet":"","ocean_menu_typo_transform_mobile":"","ocean_menu_typo_line_height":0,"ocean_menu_typo_line_height_tablet":0,"ocean_menu_typo_line_height_mobile":0,"ocean_menu_typo_line_height_unit":"","ocean_menu_typo_spacing":0,"ocean_menu_typo_spacing_tablet":0,"ocean_menu_typo_spacing_mobile":0,"ocean_menu_typo_spacing_unit":"","ocean_menu_link_color":"","ocean_menu_link_color_hover":"","ocean_menu_link_color_active":"","ocean_menu_link_background":"","ocean_menu_link_hover_background":"","ocean_menu_link_active_background":"","ocean_menu_social_links_bg":"","ocean_menu_social_hover_links_bg":"","ocean_menu_social_links_color":"","ocean_menu_social_hover_links_color":"","ocean_disable_title":"default","ocean_disable_heading":"default","ocean_post_title":"","ocean_post_subheading":"","ocean_post_title_style":"","ocean_post_title_background_color":"","ocean_post_title_background":0,"ocean_post_title_bg_image_position":"","ocean_post_title_bg_image_attachment":"","ocean_post_title_bg_image_repeat":"","ocean_post_title_bg_image_size":"","ocean_post_title_height":0,"ocean_post_title_bg_overlay":0.5,"ocean_post_title_bg_overlay_color":"","ocean_disable_breadcrumbs":"default","ocean_breadcrumbs_color":"","ocean_breadcrumbs_separator_color":"","ocean_breadcrumbs_links_color":"","ocean_breadcrumbs_links_hover_color":"","ocean_display_footer_widgets":"default","ocean_display_footer_bottom":"default","ocean_custom_footer_template":"0"},"product_brand":[],"product_cat":[25],"product_tag":[],"class_list":{"0":"post-114","1":"product","2":"type-product","3":"status-publish","4":"has-post-thumbnail","6":"product_cat-talismanai-finansu-pritraukimui","8":"entry","9":"has-media","11":"first","12":"instock","13":"shipping-taxable","14":"purchasable","15":"product-type-simple","16":"col","17":"span_1_of_3","18":"owp-content-center","19":"owp-thumbs-layout-horizontal","20":"owp-btn-normal","21":"owp-tabs-layout-horizontal"},"yoast_head":"<!-- This site is optimized with the Yoast SEO plugin v22.7 - https:\/\/yoast.com\/wordpress\/plugins\/seo\/ -->\n<title>Moneta &quot;Actek\u0173 kalendorius - saul\u0117s akmuo&quot; | B\u016brimas taro kortomis<\/title>\n<meta name=\"description\" content=\"Moneta &quot;Actek\u0173 Kalendoriu&quot; Talismanas ne\u0161antis finasin\u0119 s\u0117km\u0119. U\u017esukite ir i\u0161sirinkite ir kit\u0173 apsaugini\u0173 talisman\u0173, bei amulet\u0173.\" \/>\n<meta name=\"robots\" content=\"index, follow, max-snippet:-1, max-image-preview:large, max-video-preview:-1\" \/>\n<link rel=\"canonical\" href=\"https:\/\/burimastarokortomis.lt\/ru\/product\/moneta-acteku-kalendorius-saules-akmuo\/\" \/>\n<meta property=\"og:locale\" content=\"ru_RU\" \/>\n<meta property=\"og:type\" content=\"article\" \/>\n<meta property=\"og:title\" content=\"Moneta &quot;Actek\u0173 kalendorius - saul\u0117s akmuo&quot; | B\u016brimas taro kortomis\" \/>\n<meta property=\"og:description\" content=\"Moneta &quot;Actek\u0173 Kalendoriu&quot; Talismanas ne\u0161antis finasin\u0119 s\u0117km\u0119. U\u017esukite ir i\u0161sirinkite ir kit\u0173 apsaugini\u0173 talisman\u0173, bei amulet\u0173.\" \/>\n<meta property=\"og:url\" content=\"https:\/\/burimastarokortomis.lt\/ru\/product\/moneta-acteku-kalendorius-saules-akmuo\/\" \/>\n<meta property=\"og:site_name\" content=\"B\u016brimas taro kortomis\" \/>\n<meta property=\"article:publisher\" content=\"https:\/\/www.facebook.com\/paklauskTaro\/\" \/>\n<meta property=\"article:modified_time\" content=\"2024-12-06T15:28:44+00:00\" \/>\n<meta property=\"og:image\" content=\"https:\/\/burimastarokortomis.lt\/wp-content\/uploads\/2023\/09\/325876849_3300374473556906_9014823433448334751_n.jpg\" \/>\n\t<meta property=\"og:image:width\" content=\"650\" \/>\n\t<meta property=\"og:image:height\" content=\"612\" \/>\n\t<meta property=\"og:image:type\" content=\"image\/jpeg\" \/>\n<meta name=\"twitter:card\" content=\"summary_large_image\" \/>\n<meta name=\"twitter:label1\" content=\"\u041f\u0440\u0438\u043c\u0435\u0440\u043d\u043e\u0435 \u0432\u0440\u0435\u043c\u044f \u0434\u043b\u044f \u0447\u0442\u0435\u043d\u0438\u044f\" \/>\n\t<meta name=\"twitter:data1\" content=\"2 \u043c\u0438\u043d\u0443\u0442\u044b\" \/>\n<script type=\"application\/ld+json\" class=\"yoast-schema-graph\">{\"@context\":\"https:\/\/schema.org\",\"@graph\":[{\"@type\":\"WebPage\",\"@id\":\"https:\/\/burimastarokortomis.lt\/produktas\/moneta-acteku-kalendorius-saules-akmuo\/\",\"url\":\"https:\/\/burimastarokortomis.lt\/produktas\/moneta-acteku-kalendorius-saules-akmuo\/\",\"name\":\"Moneta \\\"Actek\u0173 kalendorius - saul\u0117s akmuo\\\" | B\u016brimas taro kortomis\",\"isPartOf\":{\"@id\":\"https:\/\/burimastarokortomis.lt\/#website\"},\"primaryImageOfPage\":{\"@id\":\"https:\/\/burimastarokortomis.lt\/produktas\/moneta-acteku-kalendorius-saules-akmuo\/#primaryimage\"},\"image\":{\"@id\":\"https:\/\/burimastarokortomis.lt\/produktas\/moneta-acteku-kalendorius-saules-akmuo\/#primaryimage\"},\"thumbnailUrl\":\"https:\/\/burimastarokortomis.lt\/wp-content\/uploads\/2023\/09\/325876849_3300374473556906_9014823433448334751_n.jpg\",\"datePublished\":\"2023-09-18T11:30:52+00:00\",\"dateModified\":\"2024-12-06T15:28:44+00:00\",\"description\":\"Moneta \\\"Actek\u0173 Kalendoriu\\\" Talismanas ne\u0161antis finasin\u0119 s\u0117km\u0119. U\u017esukite ir i\u0161sirinkite ir kit\u0173 apsaugini\u0173 talisman\u0173, bei amulet\u0173.\",\"breadcrumb\":{\"@id\":\"https:\/\/burimastarokortomis.lt\/produktas\/moneta-acteku-kalendorius-saules-akmuo\/#breadcrumb\"},\"inLanguage\":\"ru-RU\",\"potentialAction\":[{\"@type\":\"ReadAction\",\"target\":[\"https:\/\/burimastarokortomis.lt\/produktas\/moneta-acteku-kalendorius-saules-akmuo\/\"]}]},{\"@type\":\"ImageObject\",\"inLanguage\":\"ru-RU\",\"@id\":\"https:\/\/burimastarokortomis.lt\/produktas\/moneta-acteku-kalendorius-saules-akmuo\/#primaryimage\",\"url\":\"https:\/\/burimastarokortomis.lt\/wp-content\/uploads\/2023\/09\/325876849_3300374473556906_9014823433448334751_n.jpg\",\"contentUrl\":\"https:\/\/burimastarokortomis.lt\/wp-content\/uploads\/2023\/09\/325876849_3300374473556906_9014823433448334751_n.jpg\",\"width\":650,\"height\":612,\"caption\":\"moneta acteku kalendorius\"},{\"@type\":\"BreadcrumbList\",\"@id\":\"https:\/\/burimastarokortomis.lt\/produktas\/moneta-acteku-kalendorius-saules-akmuo\/#breadcrumb\",\"itemListElement\":[{\"@type\":\"ListItem\",\"position\":1,\"name\":\"Home\",\"item\":\"https:\/\/burimastarokortomis.lt\/\"},{\"@type\":\"ListItem\",\"position\":2,\"name\":\"Parduotuv\u0117\",\"item\":\"https:\/\/burimastarokortomis.lt\/parduotuve\/\"},{\"@type\":\"ListItem\",\"position\":3,\"name\":\"Moneta &#8220;Actek\u0173 kalendorius &#8211; saul\u0117s akmuo&#8221;\"}]},{\"@type\":\"WebSite\",\"@id\":\"https:\/\/burimastarokortomis.lt\/#website\",\"url\":\"https:\/\/burimastarokortomis.lt\/\",\"name\":\"Ask Tarot\",\"description\":\"Liudmilos Tarologin\u0117s prognoz\u0117s\",\"publisher\":{\"@id\":\"https:\/\/burimastarokortomis.lt\/#organization\"},\"alternateName\":\"Ask Tarot - Liudmilos Tarologin\u0117s prognoz\u0117s\",\"potentialAction\":[{\"@type\":\"SearchAction\",\"target\":{\"@type\":\"EntryPoint\",\"urlTemplate\":\"https:\/\/burimastarokortomis.lt\/?s={search_term_string}\"},\"query-input\":\"required name=search_term_string\"}],\"inLanguage\":\"ru-RU\"},{\"@type\":\"Organization\",\"@id\":\"https:\/\/burimastarokortomis.lt\/#organization\",\"name\":\"AskTarot - Liudmilos Tarologin\u0117s prognoz\u0117s\",\"url\":\"https:\/\/burimastarokortomis.lt\/\",\"logo\":{\"@type\":\"ImageObject\",\"inLanguage\":\"ru-RU\",\"@id\":\"https:\/\/burimastarokortomis.lt\/#\/schema\/logo\/image\/\",\"url\":\"http:\/\/burimastarokortomis.lt\/wp-content\/uploads\/2023\/09\/tarot-card.png\",\"contentUrl\":\"http:\/\/burimastarokortomis.lt\/wp-content\/uploads\/2023\/09\/tarot-card.png\",\"width\":512,\"height\":512,\"caption\":\"AskTarot - Liudmilos Tarologin\u0117s prognoz\u0117s\"},\"image\":{\"@id\":\"https:\/\/burimastarokortomis.lt\/#\/schema\/logo\/image\/\"},\"sameAs\":[\"https:\/\/www.facebook.com\/paklauskTaro\/\"]}]}<\/script>\n<!-- \/ Yoast SEO plugin. -->","yoast_head_json":{"title":"Moneta \"Actek\u0173 kalendorius - saul\u0117s akmuo\" | B\u016brimas taro kortomis","description":"Moneta \"Actek\u0173 Kalendoriu\" Talismanas ne\u0161antis finasin\u0119 s\u0117km\u0119. U\u017esukite ir i\u0161sirinkite ir kit\u0173 apsaugini\u0173 talisman\u0173, bei amulet\u0173.","robots":{"index":"index","follow":"follow","max-snippet":"max-snippet:-1","max-image-preview":"max-image-preview:large","max-video-preview":"max-video-preview:-1"},"canonical":"https:\/\/burimastarokortomis.lt\/ru\/product\/moneta-acteku-kalendorius-saules-akmuo\/","og_locale":"ru_RU","og_type":"article","og_title":"Moneta \"Actek\u0173 kalendorius - saul\u0117s akmuo\" | B\u016brimas taro kortomis","og_description":"Moneta \"Actek\u0173 Kalendoriu\" Talismanas ne\u0161antis finasin\u0119 s\u0117km\u0119. U\u017esukite ir i\u0161sirinkite ir kit\u0173 apsaugini\u0173 talisman\u0173, bei amulet\u0173.","og_url":"https:\/\/burimastarokortomis.lt\/ru\/product\/moneta-acteku-kalendorius-saules-akmuo\/","og_site_name":"B\u016brimas taro kortomis","article_publisher":"https:\/\/www.facebook.com\/paklauskTaro\/","article_modified_time":"2024-12-06T15:28:44+00:00","og_image":[{"width":650,"height":612,"url":"https:\/\/burimastarokortomis.lt\/wp-content\/uploads\/2023\/09\/325876849_3300374473556906_9014823433448334751_n.jpg","type":"image\/jpeg"}],"twitter_card":"summary_large_image","twitter_misc":{"\u041f\u0440\u0438\u043c\u0435\u0440\u043d\u043e\u0435 \u0432\u0440\u0435\u043c\u044f \u0434\u043b\u044f \u0447\u0442\u0435\u043d\u0438\u044f":"2 \u043c\u0438\u043d\u0443\u0442\u044b"},"schema":{"@context":"https:\/\/schema.org","@graph":[{"@type":"WebPage","@id":"https:\/\/burimastarokortomis.lt\/produktas\/moneta-acteku-kalendorius-saules-akmuo\/","url":"https:\/\/burimastarokortomis.lt\/produktas\/moneta-acteku-kalendorius-saules-akmuo\/","name":"Moneta \"Actek\u0173 kalendorius - saul\u0117s akmuo\" | B\u016brimas taro kortomis","isPartOf":{"@id":"https:\/\/burimastarokortomis.lt\/#website"},"primaryImageOfPage":{"@id":"https:\/\/burimastarokortomis.lt\/produktas\/moneta-acteku-kalendorius-saules-akmuo\/#primaryimage"},"image":{"@id":"https:\/\/burimastarokortomis.lt\/produktas\/moneta-acteku-kalendorius-saules-akmuo\/#primaryimage"},"thumbnailUrl":"https:\/\/burimastarokortomis.lt\/wp-content\/uploads\/2023\/09\/325876849_3300374473556906_9014823433448334751_n.jpg","datePublished":"2023-09-18T11:30:52+00:00","dateModified":"2024-12-06T15:28:44+00:00","description":"Moneta \"Actek\u0173 Kalendoriu\" Talismanas ne\u0161antis finasin\u0119 s\u0117km\u0119. U\u017esukite ir i\u0161sirinkite ir kit\u0173 apsaugini\u0173 talisman\u0173, bei amulet\u0173.","breadcrumb":{"@id":"https:\/\/burimastarokortomis.lt\/produktas\/moneta-acteku-kalendorius-saules-akmuo\/#breadcrumb"},"inLanguage":"ru-RU","potentialAction":[{"@type":"ReadAction","target":["https:\/\/burimastarokortomis.lt\/produktas\/moneta-acteku-kalendorius-saules-akmuo\/"]}]},{"@type":"ImageObject","inLanguage":"ru-RU","@id":"https:\/\/burimastarokortomis.lt\/produktas\/moneta-acteku-kalendorius-saules-akmuo\/#primaryimage","url":"https:\/\/burimastarokortomis.lt\/wp-content\/uploads\/2023\/09\/325876849_3300374473556906_9014823433448334751_n.jpg","contentUrl":"https:\/\/burimastarokortomis.lt\/wp-content\/uploads\/2023\/09\/325876849_3300374473556906_9014823433448334751_n.jpg","width":650,"height":612,"caption":"moneta acteku kalendorius"},{"@type":"BreadcrumbList","@id":"https:\/\/burimastarokortomis.lt\/produktas\/moneta-acteku-kalendorius-saules-akmuo\/#breadcrumb","itemListElement":[{"@type":"ListItem","position":1,"name":"Home","item":"https:\/\/burimastarokortomis.lt\/"},{"@type":"ListItem","position":2,"name":"Parduotuv\u0117","item":"https:\/\/burimastarokortomis.lt\/parduotuve\/"},{"@type":"ListItem","position":3,"name":"Moneta &#8220;Actek\u0173 kalendorius &#8211; saul\u0117s akmuo&#8221;"}]},{"@type":"WebSite","@id":"https:\/\/burimastarokortomis.lt\/#website","url":"https:\/\/burimastarokortomis.lt\/","name":"Ask Tarot","description":"Liudmilos Tarologin\u0117s prognoz\u0117s","publisher":{"@id":"https:\/\/burimastarokortomis.lt\/#organization"},"alternateName":"Ask Tarot - Liudmilos Tarologin\u0117s prognoz\u0117s","potentialAction":[{"@type":"SearchAction","target":{"@type":"EntryPoint","urlTemplate":"https:\/\/burimastarokortomis.lt\/?s={search_term_string}"},"query-input":"required name=search_term_string"}],"inLanguage":"ru-RU"},{"@type":"Organization","@id":"https:\/\/burimastarokortomis.lt\/#organization","name":"AskTarot - Liudmilos Tarologin\u0117s prognoz\u0117s","url":"https:\/\/burimastarokortomis.lt\/","logo":{"@type":"ImageObject","inLanguage":"ru-RU","@id":"https:\/\/burimastarokortomis.lt\/#\/schema\/logo\/image\/","url":"http:\/\/burimastarokortomis.lt\/wp-content\/uploads\/2023\/09\/tarot-card.png","contentUrl":"http:\/\/burimastarokortomis.lt\/wp-content\/uploads\/2023\/09\/tarot-card.png","width":512,"height":512,"caption":"AskTarot - Liudmilos Tarologin\u0117s prognoz\u0117s"},"image":{"@id":"https:\/\/burimastarokortomis.lt\/#\/schema\/logo\/image\/"},"sameAs":["https:\/\/www.facebook.com\/paklauskTaro\/"]}]}},"_links":{"self":[{"href":"https:\/\/burimastarokortomis.lt\/ru\/wp-json\/wp\/v2\/product\/114","targetHints":{"allow":["GET"]}}],"collection":[{"href":"https:\/\/burimastarokortomis.lt\/ru\/wp-json\/wp\/v2\/product"}],"about":[{"href":"https:\/\/burimastarokortomis.lt\/ru\/wp-json\/wp\/v2\/types\/product"}],"wp:featuredmedia":[{"embeddable":true,"href":"https:\/\/burimastarokortomis.lt\/ru\/wp-json\/wp\/v2\/media\/262"}],"wp:attachment":[{"href":"https:\/\/burimastarokortomis.lt\/ru\/wp-json\/wp\/v2\/media?parent=114"}],"wp:term":[{"taxonomy":"product_brand","embeddable":true,"href":"https:\/\/burimastarokortomis.lt\/ru\/wp-json\/wp\/v2\/product_brand?post=114"},{"taxonomy":"product_cat","embeddable":true,"href":"https:\/\/burimastarokortomis.lt\/ru\/wp-json\/wp\/v2\/product_cat?post=114"},{"taxonomy":"product_tag","embeddable":true,"href":"https:\/\/burimastarokortomis.lt\/ru\/wp-json\/wp\/v2\/product_tag?post=114"}],"curies":[{"name":"wp","href":"https:\/\/api.w.org\/{rel}","templated":true}]}}