{"id":469,"date":"2024-06-05T07:32:42","date_gmt":"2024-06-05T07:32:42","guid":{"rendered":"http:\/\/burimastarokortomis.lt\/?post_type=product&#038;p=469"},"modified":"2025-09-01T07:22:08","modified_gmt":"2025-09-01T07:22:08","slug":"taro-kortos-rusu-kalba","status":"publish","type":"product","link":"https:\/\/burimastarokortomis.lt\/ru\/product\/taro-kortos-rusu-kalba\/","title":{"rendered":"\u041a\u0430\u0440\u0442\u044b \u00ab\u0417\u043e\u043b\u043e\u0442\u043e\u0435 \u0422\u0430\u0440\u043e\u00bb \u043d\u0430 \u0440\u0443\u0441\u0441\u043a\u043e\u043c \u044f\u0437\u044b\u043a\u0435"},"content":{"rendered":"<div dir=\"ltr\">\u041a\u043e\u043b\u043e\u0434\u0430 \u043a\u0430\u0440\u0442 \u0422\u0430\u0440\u043e \u0441 \u043e\u043f\u0438\u0441\u0430\u043d\u0438\u0435\u043c \u043d\u0430 \u0440\u0443\u0441\u0441\u043a\u043e\u043c \u044f\u0437\u044b\u043a\u0435.\nKoloda kart Taro s opisaniyem na russkom yazyke.<\/div>\n<div dir=\"ltr\">\u0412 \u043a\u043e\u043c\u043f\u043b\u0435\u043a\u0442 \u0432\u0445\u043e\u0434\u044f\u0442: \u043e\u0442\u043a\u0440\u044b\u0432\u0430\u044e\u0449\u0430\u044f\u0441\u044f \u0448\u043a\u0430\u0442\u0443\u043b\u043a\u0430 \u0441 \u043a\u043e\u043b\u043e\u0434\u043e\u0439 \u043a\u0430\u0440\u0442 \u0422\u0430\u0440\u043e \u0432\u043d\u0443\u0442\u0440\u0438, \u043a\u043d\u0438\u0433\u0430 \u0437\u043d\u0430\u0447\u0435\u043d\u0438\u0439, \u0430\u043c\u0443\u043b\u0435\u0442-\u043f\u0435\u043d\u0442\u0430\u0433\u0440\u0430\u043c\u043c\u0430.<\/div>\n<div dir=\"ltr\">\u041e\u043f\u0438\u0441\u0430\u043d\u0438\u0435: \u041a\u0430\u0440\u0442\u044b \u0438\u0437\u0433\u043e\u0442\u043e\u0432\u043b\u0435\u043d\u044b \u0438\u0437 \u043f\u043b\u0430\u0441\u0442\u0438\u043a\u0430, \u043d\u0435 \u0438\u0437\u043d\u0430\u0448\u0438\u0432\u0430\u044e\u0442\u0441\u044f, \u043d\u0435 \u043c\u043d\u0443\u0442\u0441\u044f, \u043d\u0430 \u043a\u0430\u0436\u0434\u043e\u0439 \u043a\u0430\u0440\u0442\u0435 \u0435\u0441\u0442\u044c \u043e\u043f\u0438\u0441\u0430\u043d\u0438\u0435 \u0435\u0435 \u0437\u043d\u0430\u0447\u0435\u043d\u0438\u044f (\u043a\u0430\u043a \u043f\u0440\u044f\u043c\u043e\u0433\u043e, \u0442\u0430\u043a \u0438 \u043f\u0435\u0440\u0435\u0432\u0435\u0440\u043d\u0443\u0442\u043e\u0433\u043e). \u041e\u043f\u0438\u0441\u0430\u043d\u0438\u0435 \u0437\u043d\u0430\u0447\u0435\u043d\u0438\u0439 \u043a\u0430\u0440\u0442 \u043d\u0430 \u0440\u0443\u0441\u0441\u043a\u043e\u043c \u044f\u0437\u044b\u043a\u0435, \u0432 \u0431\u0443\u043a\u043b\u0435\u0442\u0435 \u043f\u0440\u0438\u0432\u0435\u0434\u0435\u043d\u044b \u0431\u043e\u043b\u0435\u0435 \u043f\u043e\u0434\u0440\u043e\u0431\u043d\u044b\u0435 \u0437\u043d\u0430\u0447\u0435\u043d\u0438\u044f \u043a\u0430\u0440\u0442 \u043d\u0430 \u0440\u0443\u0441\u0441\u043a\u043e\u043c \u044f\u0437\u044b\u043a\u0435. \u0420\u0430\u0437\u043c\u0435\u0440\u044b: 12 \u0441\u043c*7 \u0441\u043c<\/div>","protected":false},"excerpt":{"rendered":"<p>Taro kort\u0173 kalad\u0117 su apra\u0161ymu rus\u0173 kalba. \u012e rinkin\u012f \u012feina: atsidarant\u012f d\u0117\u017eut\u0117 su taro kort\u0173 kalad\u0117 viduje, reik\u0161mi\u0173 knygut\u0117, amuletas-pentagrama. Apra\u0161ymas: kortos yra plastikin\u0117s, nesusid\u0117vin\u010dios, nesuglam\u017eomos, ant kiekvienos kortos yra jos reiksm\u0117s apra\u0161ymas (kaip tiesiogin\u0117s, taip ir apverstos). Kort\u0173 reik\u0161mi\u0173 apra\u0161ymas yra rus\u0173 kalba, knygut\u0117je pateikiamos i\u0161samesn\u0117s kort\u0173 reik\u0161mes rus\u0173 kalba. Matmenys: 12 cm*7 cm<\/p>","protected":false},"featured_media":562,"template":"","meta":{"ocean_post_layout":"","ocean_both_sidebars_style":"","ocean_both_sidebars_content_width":0,"ocean_both_sidebars_sidebars_width":0,"ocean_sidebar":"0","ocean_second_sidebar":"0","ocean_disable_margins":"enable","ocean_add_body_class":"","ocean_shortcode_before_top_bar":"","ocean_shortcode_after_top_bar":"","ocean_shortcode_before_header":"","ocean_shortcode_after_header":"","ocean_has_shortcode":"","ocean_shortcode_after_title":"","ocean_shortcode_before_footer_widgets":"","ocean_shortcode_after_footer_widgets":"","ocean_shortcode_before_footer_bottom":"","ocean_shortcode_after_footer_bottom":"","ocean_display_top_bar":"default","ocean_display_header":"default","ocean_header_style":"","ocean_center_header_left_menu":"0","ocean_custom_header_template":"0","ocean_custom_logo":0,"ocean_custom_retina_logo":0,"ocean_custom_logo_max_width":0,"ocean_custom_logo_tablet_max_width":0,"ocean_custom_logo_mobile_max_width":0,"ocean_custom_logo_max_height":0,"ocean_custom_logo_tablet_max_height":0,"ocean_custom_logo_mobile_max_height":0,"ocean_header_custom_menu":"0","ocean_menu_typo_font_family":"0","ocean_menu_typo_font_subset":"","ocean_menu_typo_font_size":0,"ocean_menu_typo_font_size_tablet":0,"ocean_menu_typo_font_size_mobile":0,"ocean_menu_typo_font_size_unit":"px","ocean_menu_typo_font_weight":"","ocean_menu_typo_font_weight_tablet":"","ocean_menu_typo_font_weight_mobile":"","ocean_menu_typo_transform":"","ocean_menu_typo_transform_tablet":"","ocean_menu_typo_transform_mobile":"","ocean_menu_typo_line_height":0,"ocean_menu_typo_line_height_tablet":0,"ocean_menu_typo_line_height_mobile":0,"ocean_menu_typo_line_height_unit":"","ocean_menu_typo_spacing":0,"ocean_menu_typo_spacing_tablet":0,"ocean_menu_typo_spacing_mobile":0,"ocean_menu_typo_spacing_unit":"","ocean_menu_link_color":"","ocean_menu_link_color_hover":"","ocean_menu_link_color_active":"","ocean_menu_link_background":"","ocean_menu_link_hover_background":"","ocean_menu_link_active_background":"","ocean_menu_social_links_bg":"","ocean_menu_social_hover_links_bg":"","ocean_menu_social_links_color":"","ocean_menu_social_hover_links_color":"","ocean_disable_title":"default","ocean_disable_heading":"default","ocean_post_title":"","ocean_post_subheading":"","ocean_post_title_style":"","ocean_post_title_background_color":"","ocean_post_title_background":0,"ocean_post_title_bg_image_position":"","ocean_post_title_bg_image_attachment":"","ocean_post_title_bg_image_repeat":"","ocean_post_title_bg_image_size":"","ocean_post_title_height":0,"ocean_post_title_bg_overlay":0.5,"ocean_post_title_bg_overlay_color":"","ocean_disable_breadcrumbs":"default","ocean_breadcrumbs_color":"","ocean_breadcrumbs_separator_color":"","ocean_breadcrumbs_links_color":"","ocean_breadcrumbs_links_hover_color":"","ocean_display_footer_widgets":"default","ocean_display_footer_bottom":"default","ocean_custom_footer_template":"0"},"product_brand":[],"product_cat":[39],"product_tag":[],"class_list":{"0":"post-469","1":"product","2":"type-product","3":"status-publish","4":"has-post-thumbnail","6":"product_cat-taro-kortos","8":"entry","9":"has-media","11":"first","12":"instock","13":"shipping-taxable","14":"purchasable","15":"product-type-simple","16":"col","17":"span_1_of_3","18":"owp-content-center","19":"owp-thumbs-layout-horizontal","20":"owp-btn-normal","21":"owp-tabs-layout-horizontal"},"yoast_head":"<!-- This site is optimized with the Yoast SEO plugin v22.7 - https:\/\/yoast.com\/wordpress\/plugins\/seo\/ -->\n<title>Taro kortos Rus\u0173 kalba | B\u016brimas taro kortomis<\/title>\n<meta name=\"description\" content=\"Taro kort\u0173 kalad\u0117 su apra\u0161ymu rus\u0173 kalba. U\u017esukite ir \u012fsigykite m\u016bs\u0173 auk\u0161tos kokyb\u0117s ilgaam\u017ei\u0161ka taro kort\u0173 kalade rus\u0173 kalba.\" \/>\n<meta name=\"robots\" content=\"index, follow, max-snippet:-1, max-image-preview:large, max-video-preview:-1\" \/>\n<link rel=\"canonical\" href=\"https:\/\/burimastarokortomis.lt\/ru\/product\/taro-kortos-rusu-kalba\/\" \/>\n<meta property=\"og:locale\" content=\"ru_RU\" \/>\n<meta property=\"og:type\" content=\"article\" \/>\n<meta property=\"og:title\" content=\"Taro kortos Rus\u0173 kalba | B\u016brimas taro kortomis\" \/>\n<meta property=\"og:description\" content=\"Taro kort\u0173 kalad\u0117 su apra\u0161ymu rus\u0173 kalba. U\u017esukite ir \u012fsigykite m\u016bs\u0173 auk\u0161tos kokyb\u0117s ilgaam\u017ei\u0161ka taro kort\u0173 kalade rus\u0173 kalba.\" \/>\n<meta property=\"og:url\" content=\"https:\/\/burimastarokortomis.lt\/ru\/product\/taro-kortos-rusu-kalba\/\" \/>\n<meta property=\"og:site_name\" content=\"B\u016brimas taro kortomis\" \/>\n<meta property=\"article:publisher\" content=\"https:\/\/www.facebook.com\/paklauskTaro\/\" \/>\n<meta property=\"article:modified_time\" content=\"2025-09-01T07:22:08+00:00\" \/>\n<meta property=\"og:image\" content=\"https:\/\/burimastarokortomis.lt\/wp-content\/uploads\/2024\/09\/image2-2.jpeg\" \/>\n\t<meta property=\"og:image:width\" content=\"1000\" \/>\n\t<meta property=\"og:image:height\" content=\"1000\" \/>\n\t<meta property=\"og:image:type\" content=\"image\/jpeg\" \/>\n<meta name=\"twitter:card\" content=\"summary_large_image\" \/>\n<meta name=\"twitter:label1\" content=\"\u041f\u0440\u0438\u043c\u0435\u0440\u043d\u043e\u0435 \u0432\u0440\u0435\u043c\u044f \u0434\u043b\u044f \u0447\u0442\u0435\u043d\u0438\u044f\" \/>\n\t<meta name=\"twitter:data1\" content=\"1 \u043c\u0438\u043d\u0443\u0442\u0430\" \/>\n<script type=\"application\/ld+json\" class=\"yoast-schema-graph\">{\"@context\":\"https:\/\/schema.org\",\"@graph\":[{\"@type\":\"WebPage\",\"@id\":\"https:\/\/burimastarokortomis.lt\/produktas\/taro-kortos-rusu-kalba\/\",\"url\":\"https:\/\/burimastarokortomis.lt\/produktas\/taro-kortos-rusu-kalba\/\",\"name\":\"Taro kortos Rus\u0173 kalba | B\u016brimas taro kortomis\",\"isPartOf\":{\"@id\":\"https:\/\/burimastarokortomis.lt\/#website\"},\"primaryImageOfPage\":{\"@id\":\"https:\/\/burimastarokortomis.lt\/produktas\/taro-kortos-rusu-kalba\/#primaryimage\"},\"image\":{\"@id\":\"https:\/\/burimastarokortomis.lt\/produktas\/taro-kortos-rusu-kalba\/#primaryimage\"},\"thumbnailUrl\":\"https:\/\/burimastarokortomis.lt\/wp-content\/uploads\/2024\/09\/image2-2.jpeg\",\"datePublished\":\"2024-06-05T07:32:42+00:00\",\"dateModified\":\"2025-09-01T07:22:08+00:00\",\"description\":\"Taro kort\u0173 kalad\u0117 su apra\u0161ymu rus\u0173 kalba. U\u017esukite ir \u012fsigykite m\u016bs\u0173 auk\u0161tos kokyb\u0117s ilgaam\u017ei\u0161ka taro kort\u0173 kalade rus\u0173 kalba.\",\"breadcrumb\":{\"@id\":\"https:\/\/burimastarokortomis.lt\/produktas\/taro-kortos-rusu-kalba\/#breadcrumb\"},\"inLanguage\":\"ru-RU\",\"potentialAction\":[{\"@type\":\"ReadAction\",\"target\":[\"https:\/\/burimastarokortomis.lt\/produktas\/taro-kortos-rusu-kalba\/\"]}]},{\"@type\":\"ImageObject\",\"inLanguage\":\"ru-RU\",\"@id\":\"https:\/\/burimastarokortomis.lt\/produktas\/taro-kortos-rusu-kalba\/#primaryimage\",\"url\":\"https:\/\/burimastarokortomis.lt\/wp-content\/uploads\/2024\/09\/image2-2.jpeg\",\"contentUrl\":\"https:\/\/burimastarokortomis.lt\/wp-content\/uploads\/2024\/09\/image2-2.jpeg\",\"width\":1000,\"height\":1000},{\"@type\":\"BreadcrumbList\",\"@id\":\"https:\/\/burimastarokortomis.lt\/produktas\/taro-kortos-rusu-kalba\/#breadcrumb\",\"itemListElement\":[{\"@type\":\"ListItem\",\"position\":1,\"name\":\"Home\",\"item\":\"https:\/\/burimastarokortomis.lt\/\"},{\"@type\":\"ListItem\",\"position\":2,\"name\":\"Parduotuv\u0117\",\"item\":\"https:\/\/burimastarokortomis.lt\/parduotuve\/\"},{\"@type\":\"ListItem\",\"position\":3,\"name\":\"Taro kortos Rus\u0173 kalba\"}]},{\"@type\":\"WebSite\",\"@id\":\"https:\/\/burimastarokortomis.lt\/#website\",\"url\":\"https:\/\/burimastarokortomis.lt\/\",\"name\":\"Ask Tarot\",\"description\":\"Liudmilos Tarologin\u0117s prognoz\u0117s\",\"publisher\":{\"@id\":\"https:\/\/burimastarokortomis.lt\/#organization\"},\"alternateName\":\"Ask Tarot - Liudmilos Tarologin\u0117s prognoz\u0117s\",\"potentialAction\":[{\"@type\":\"SearchAction\",\"target\":{\"@type\":\"EntryPoint\",\"urlTemplate\":\"https:\/\/burimastarokortomis.lt\/?s={search_term_string}\"},\"query-input\":\"required name=search_term_string\"}],\"inLanguage\":\"ru-RU\"},{\"@type\":\"Organization\",\"@id\":\"https:\/\/burimastarokortomis.lt\/#organization\",\"name\":\"AskTarot - Liudmilos Tarologin\u0117s prognoz\u0117s\",\"url\":\"https:\/\/burimastarokortomis.lt\/\",\"logo\":{\"@type\":\"ImageObject\",\"inLanguage\":\"ru-RU\",\"@id\":\"https:\/\/burimastarokortomis.lt\/#\/schema\/logo\/image\/\",\"url\":\"http:\/\/burimastarokortomis.lt\/wp-content\/uploads\/2023\/09\/tarot-card.png\",\"contentUrl\":\"http:\/\/burimastarokortomis.lt\/wp-content\/uploads\/2023\/09\/tarot-card.png\",\"width\":512,\"height\":512,\"caption\":\"AskTarot - Liudmilos Tarologin\u0117s prognoz\u0117s\"},\"image\":{\"@id\":\"https:\/\/burimastarokortomis.lt\/#\/schema\/logo\/image\/\"},\"sameAs\":[\"https:\/\/www.facebook.com\/paklauskTaro\/\"]}]}<\/script>\n<!-- \/ Yoast SEO plugin. -->","yoast_head_json":{"title":"Taro kortos Rus\u0173 kalba | B\u016brimas taro kortomis","description":"Taro kort\u0173 kalad\u0117 su apra\u0161ymu rus\u0173 kalba. U\u017esukite ir \u012fsigykite m\u016bs\u0173 auk\u0161tos kokyb\u0117s ilgaam\u017ei\u0161ka taro kort\u0173 kalade rus\u0173 kalba.","robots":{"index":"index","follow":"follow","max-snippet":"max-snippet:-1","max-image-preview":"max-image-preview:large","max-video-preview":"max-video-preview:-1"},"canonical":"https:\/\/burimastarokortomis.lt\/ru\/product\/taro-kortos-rusu-kalba\/","og_locale":"ru_RU","og_type":"article","og_title":"Taro kortos Rus\u0173 kalba | B\u016brimas taro kortomis","og_description":"Taro kort\u0173 kalad\u0117 su apra\u0161ymu rus\u0173 kalba. U\u017esukite ir \u012fsigykite m\u016bs\u0173 auk\u0161tos kokyb\u0117s ilgaam\u017ei\u0161ka taro kort\u0173 kalade rus\u0173 kalba.","og_url":"https:\/\/burimastarokortomis.lt\/ru\/product\/taro-kortos-rusu-kalba\/","og_site_name":"B\u016brimas taro kortomis","article_publisher":"https:\/\/www.facebook.com\/paklauskTaro\/","article_modified_time":"2025-09-01T07:22:08+00:00","og_image":[{"width":1000,"height":1000,"url":"https:\/\/burimastarokortomis.lt\/wp-content\/uploads\/2024\/09\/image2-2.jpeg","type":"image\/jpeg"}],"twitter_card":"summary_large_image","twitter_misc":{"\u041f\u0440\u0438\u043c\u0435\u0440\u043d\u043e\u0435 \u0432\u0440\u0435\u043c\u044f \u0434\u043b\u044f \u0447\u0442\u0435\u043d\u0438\u044f":"1 \u043c\u0438\u043d\u0443\u0442\u0430"},"schema":{"@context":"https:\/\/schema.org","@graph":[{"@type":"WebPage","@id":"https:\/\/burimastarokortomis.lt\/produktas\/taro-kortos-rusu-kalba\/","url":"https:\/\/burimastarokortomis.lt\/produktas\/taro-kortos-rusu-kalba\/","name":"Taro kortos Rus\u0173 kalba | B\u016brimas taro kortomis","isPartOf":{"@id":"https:\/\/burimastarokortomis.lt\/#website"},"primaryImageOfPage":{"@id":"https:\/\/burimastarokortomis.lt\/produktas\/taro-kortos-rusu-kalba\/#primaryimage"},"image":{"@id":"https:\/\/burimastarokortomis.lt\/produktas\/taro-kortos-rusu-kalba\/#primaryimage"},"thumbnailUrl":"https:\/\/burimastarokortomis.lt\/wp-content\/uploads\/2024\/09\/image2-2.jpeg","datePublished":"2024-06-05T07:32:42+00:00","dateModified":"2025-09-01T07:22:08+00:00","description":"Taro kort\u0173 kalad\u0117 su apra\u0161ymu rus\u0173 kalba. U\u017esukite ir \u012fsigykite m\u016bs\u0173 auk\u0161tos kokyb\u0117s ilgaam\u017ei\u0161ka taro kort\u0173 kalade rus\u0173 kalba.","breadcrumb":{"@id":"https:\/\/burimastarokortomis.lt\/produktas\/taro-kortos-rusu-kalba\/#breadcrumb"},"inLanguage":"ru-RU","potentialAction":[{"@type":"ReadAction","target":["https:\/\/burimastarokortomis.lt\/produktas\/taro-kortos-rusu-kalba\/"]}]},{"@type":"ImageObject","inLanguage":"ru-RU","@id":"https:\/\/burimastarokortomis.lt\/produktas\/taro-kortos-rusu-kalba\/#primaryimage","url":"https:\/\/burimastarokortomis.lt\/wp-content\/uploads\/2024\/09\/image2-2.jpeg","contentUrl":"https:\/\/burimastarokortomis.lt\/wp-content\/uploads\/2024\/09\/image2-2.jpeg","width":1000,"height":1000},{"@type":"BreadcrumbList","@id":"https:\/\/burimastarokortomis.lt\/produktas\/taro-kortos-rusu-kalba\/#breadcrumb","itemListElement":[{"@type":"ListItem","position":1,"name":"Home","item":"https:\/\/burimastarokortomis.lt\/"},{"@type":"ListItem","position":2,"name":"Parduotuv\u0117","item":"https:\/\/burimastarokortomis.lt\/parduotuve\/"},{"@type":"ListItem","position":3,"name":"Taro kortos Rus\u0173 kalba"}]},{"@type":"WebSite","@id":"https:\/\/burimastarokortomis.lt\/#website","url":"https:\/\/burimastarokortomis.lt\/","name":"Ask Tarot","description":"Liudmilos Tarologin\u0117s prognoz\u0117s","publisher":{"@id":"https:\/\/burimastarokortomis.lt\/#organization"},"alternateName":"Ask Tarot - Liudmilos Tarologin\u0117s prognoz\u0117s","potentialAction":[{"@type":"SearchAction","target":{"@type":"EntryPoint","urlTemplate":"https:\/\/burimastarokortomis.lt\/?s={search_term_string}"},"query-input":"required name=search_term_string"}],"inLanguage":"ru-RU"},{"@type":"Organization","@id":"https:\/\/burimastarokortomis.lt\/#organization","name":"AskTarot - Liudmilos Tarologin\u0117s prognoz\u0117s","url":"https:\/\/burimastarokortomis.lt\/","logo":{"@type":"ImageObject","inLanguage":"ru-RU","@id":"https:\/\/burimastarokortomis.lt\/#\/schema\/logo\/image\/","url":"http:\/\/burimastarokortomis.lt\/wp-content\/uploads\/2023\/09\/tarot-card.png","contentUrl":"http:\/\/burimastarokortomis.lt\/wp-content\/uploads\/2023\/09\/tarot-card.png","width":512,"height":512,"caption":"AskTarot - Liudmilos Tarologin\u0117s prognoz\u0117s"},"image":{"@id":"https:\/\/burimastarokortomis.lt\/#\/schema\/logo\/image\/"},"sameAs":["https:\/\/www.facebook.com\/paklauskTaro\/"]}]}},"_links":{"self":[{"href":"https:\/\/burimastarokortomis.lt\/ru\/wp-json\/wp\/v2\/product\/469","targetHints":{"allow":["GET"]}}],"collection":[{"href":"https:\/\/burimastarokortomis.lt\/ru\/wp-json\/wp\/v2\/product"}],"about":[{"href":"https:\/\/burimastarokortomis.lt\/ru\/wp-json\/wp\/v2\/types\/product"}],"wp:featuredmedia":[{"embeddable":true,"href":"https:\/\/burimastarokortomis.lt\/ru\/wp-json\/wp\/v2\/media\/562"}],"wp:attachment":[{"href":"https:\/\/burimastarokortomis.lt\/ru\/wp-json\/wp\/v2\/media?parent=469"}],"wp:term":[{"taxonomy":"product_brand","embeddable":true,"href":"https:\/\/burimastarokortomis.lt\/ru\/wp-json\/wp\/v2\/product_brand?post=469"},{"taxonomy":"product_cat","embeddable":true,"href":"https:\/\/burimastarokortomis.lt\/ru\/wp-json\/wp\/v2\/product_cat?post=469"},{"taxonomy":"product_tag","embeddable":true,"href":"https:\/\/burimastarokortomis.lt\/ru\/wp-json\/wp\/v2\/product_tag?post=469"}],"curies":[{"name":"wp","href":"https:\/\/api.w.org\/{rel}","templated":true}]}}