{"id":98,"date":"2023-09-18T09:10:24","date_gmt":"2023-09-18T09:10:24","guid":{"rendered":"http:\/\/burimastarokortomis.lt\/?post_type=product&#038;p=98"},"modified":"2024-08-27T10:57:26","modified_gmt":"2024-08-27T10:57:26","slug":"delione-nauja-meile-nauji-santykiai","status":"publish","type":"product","link":"https:\/\/burimastarokortomis.lt\/ru\/product\/delione-nauja-meile-nauji-santykiai\/","title":{"rendered":"\u0413\u0430\u0434\u0430\u043d\u0438\u0435 \u043d\u0430 \u043a\u0430\u0440\u0442\u0430\u0445 \u0422\u0430\u0440\u043e \u00ab\u041d\u043e\u0432\u0430\u044f \u043b\u044e\u0431\u043e\u0432\u044c (\u043d\u043e\u0432\u044b\u0435\n\u043e\u0442\u043d\u043e\u0448\u0435\u043d\u0438\u044f)\u00bb"},"content":{"rendered":"<p><em><strong>1. \u041a\u0430\u043a\u043e\u0432\u0430 \u0432\u0435\u0440\u043e\u044f\u0442\u043d\u043e\u0441\u0442\u044c \u0442\u043e\u0433\u043e, \u0447\u0442\u043e \u0432\u044b \u0432\u0441\u0442\u0440\u0435\u0442\u0438\u0442\u0435\n\u043f\u043e\u0434\u0445\u043e\u0434\u044f\u0449\u0435\u0433\u043e \u0432\u0430\u043c \u0447\u0435\u043b\u043e\u0432\u0435\u043a\u0430 \u0432 \u0431\u043b\u0438\u0436\u0430\u0439\u0448\u0438\u0435 \u043f\u043e\u043b\u0433\u043e\u0434\u0430?<\/strong><\/em><br \/>\n<em><strong>2. \u041a\u0430\u043a\u043e\u0432\u0430 \u0432\u0435\u0440\u043e\u044f\u0442\u043d\u043e\u0441\u0442\u044c \u0442\u043e\u0433\u043e, \u0447\u0442\u043e \u0432\u044b \u0432\u0441\u0442\u0440\u0435\u0442\u0438\u0442\u0435\n\u043f\u043e\u0434\u0445\u043e\u0434\u044f\u0449\u0435\u0433\u043e \u0434\u043b\u044f \u0432\u0430\u0441 \u0447\u0435\u043b\u043e\u0432\u0435\u043a\u0430 \u0432 \u0431\u043b\u0438\u0436\u0430\u0439\u0448\u0435\u043c \u0433\u043e\u0434\u0443?<\/strong><\/em><br \/>\n<em><strong>3. \u041a\u0442\u043e \u044d\u0442\u043e \u0431\u0443\u0434\u0435\u0442?<\/strong><\/em><br \/>\n<em><strong>4. \u041a\u0430\u043a\u0438\u0435 \u043e\u0431\u0449\u0438\u0435 \u0438\u043d\u0442\u0435\u0440\u0435\u0441\u044b \u0443 \u0432\u0430\u0441 \u0441\n\u043d\u0438\u043c \u043c\u043e\u0433\u0443\u0442 \u0431\u044b\u0442\u044c?<\/strong><\/em><br \/>\n<em><strong>5. \u041a\u0430\u043a \u0432\u044b \u043f\u043e\u0437\u043d\u0430\u043a\u043e\u043c\u0438\u0442\u0435\u0441\u044c?<\/strong><\/em><br \/>\n<em><strong>6.\n\u041a\u0430\u043a\u0438\u0445 \u043e\u0442\u043d\u043e\u0448\u0435\u043d\u0438\u0439 \u0432\u044b \u0445\u043e\u0442\u0438\u0442\u0435?<\/strong><\/em><br \/>\n<em><strong>7. \u041a\u0430\u043a\u043e\u0432\u0430 \u0432\u0435\u0440\u043e\u044f\u0442\u043d\u043e\u0441\u0442\u044c\n\u0442\u043e\u0433\u043e, \u0447\u0442\u043e \u0432\u0430\u043c \u0443\u0434\u0430\u0441\u0442\u0441\u044f \u0441\u043e\u0437\u0434\u0430\u0442\u044c \u0442\u0430\u043a\u0438\u0435 \u043e\u0442\u043d\u043e\u0448\u0435\u043d\u0438\u044f?<\/strong><\/em><br \/>\n<em><strong>8.\n\u041a\u0430\u043a \u0432\u044b \u0431\u0443\u0434\u0435\u0442\u0435 \u0441\u0435\u0431\u044f \u0447\u0443\u0432\u0441\u0442\u0432\u043e\u0432\u0430\u0442\u044c \u0432 \u043d\u043e\u0432\u044b\u0445\n\u043e\u0442\u043d\u043e\u0448\u0435\u043d\u0438\u044f\u0445?<\/strong><\/em><br \/>\n<em><strong>9. \u0427\u0442\u043e \u0432\u0430\u043c \u0441\u043b\u0435\u0434\u0443\u0435\u0442 \u0441\u0434\u0435\u043b\u0430\u0442\u044c, \u0447\u0442\u043e\u0431\u044b\n\u0432\u0441\u0442\u0440\u0435\u0442\u0438\u0442\u044c \u0432\u0430\u0448\u0435\u0433\u043e \u0447\u0435\u043b\u043e\u0432\u0435\u043a\u0430?<\/strong><\/em><br \/>\n<em><strong>10. \u041a\u0430\u043a \u0432\u0430\u043c \u0440\u0430\u0437\u0432\u0438\u0432\u0430\u0442\u044c\n\u043d\u043e\u0432\u044b\u0435 \u043e\u0442\u043d\u043e\u0448\u0435\u043d\u0438\u044f, \u0447\u0442\u043e\u0431\u044b \u0438\u0437\u0431\u0435\u0436\u0430\u0442\u044c \u043f\u0440\u043e\u0448\u043b\u044b\u0445\n\u043e\u0448\u0438\u0431\u043e\u043a?<\/strong><\/em><br \/>\n<em><strong>11. \u041a\u0430\u043a\u043e\u0432\u0430 \u0432\u0435\u0440\u043e\u044f\u0442\u043d\u043e\u0441\u0442\u044c \u0442\u043e\u0433\u043e, \u0447\u0442\u043e \u043d\u043e\u0432\u044b\u0435\n\u043e\u0442\u043d\u043e\u0448\u0435\u043d\u0438\u044f \u0431\u0443\u0434\u0443\u0442 \u0441\u0435\u0440\u044c\u0435\u0437\u043d\u044b\u043c\u0438?<\/strong><\/em><br \/>\n<em><strong>12. \u041a\u0430\u043a\u043e\u0432\u0430\n\u0432\u0435\u0440\u043e\u044f\u0442\u043d\u043e\u0441\u0442\u044c \u0442\u043e\u0433\u043e, \u0447\u0442\u043e \u043d\u043e\u0432\u044b\u0435 \u043e\u0442\u043d\u043e\u0448\u0435\u043d\u0438\u044f \u0431\u0443\u0434\u0443\u0442\n\u0434\u043e\u043b\u0433\u043e\u0441\u0440\u043e\u0447\u043d\u044b\u043c\u0438?<\/strong><\/em><br \/>\n<em><strong>13. \u041a\u0430\u043a\u043e\u0432\u044b \u0431\u0443\u0434\u0443\u0442 \u0438\u0445 \u043f\u0435\u0440\u0441\u043f\u0435\u043a\u0442\u0438\u0432\u044b\n\u043d\u0430 \u0431\u0443\u0434\u0443\u0449\u0435\u0435?<\/strong><\/em><\/p>\n<p><em><strong>\u0426\u0435\u043d\u0430 45\u20ac.<\/strong><\/em><\/p>\n<h5>\u0414\u043b\u044f \u043f\u0440\u0435\u0434\u0441\u043a\u0430\u0437\u0430\u043d\u0438\u044f \u043f\u043e\u0442\u0440\u0435\u0431\u0443\u0435\u0442\u0441\u044f \u0432\u0430\u0448\u0430 \u0444\u043e\u0442\u043e\u0433\u0440\u0430\u0444\u0438\u044f \u0438\n\u0434\u0430\u0442\u0430 \u0440\u043e\u0436\u0434\u0435\u043d\u0438\u044f. \u041f\u0440\u043e\u0433\u043d\u043e\u0437 \u043f\u0440\u0435\u0434\u043e\u0441\u0442\u0430\u0432\u043b\u044e \u0432 \u0444\u043e\u0440\u043c\u0430\u0442\u0435\n\u0432\u0438\u0434\u0435\u043e\u0437\u0430\u043f\u0438\u0441\u0438 \u0447\u0435\u0440\u0435\u0437 Viber \u0438\u043b\u0438 WhatsApp \u0432 \u0442\u0435\u0447\u0435\u043d\u0438\u0435 4-\n5 \u0434\u043d\u0435\u0439 \u043f\u043e\u0441\u043b\u0435 \u043e\u043f\u043b\u0430\u0442\u044b.<\/h5>","protected":false},"excerpt":{"rendered":"<p>\u0413\u0430\u0434\u0430\u043d\u0438\u0435 \u043f\u043e\u0437\u0432\u043e\u043b\u0438\u0442 \u0432\u0430\u043c \u0440\u0430\u0441\u0441\u043c\u043e\u0442\u0440\u0435\u0442\u044c \u0432\u043e\u0437\u043c\u043e\u0436\u043d\u043e\u0441\u0442\u044c\n\u0432\u043e\u0437\u043d\u0438\u043a\u043d\u043e\u0432\u0435\u043d\u0438\u044f \u043d\u043e\u0432\u044b\u0445 \u043e\u0442\u043d\u043e\u0448\u0435\u043d\u0438\u0439 \u0432 \u043f\u0435\u0440\u0441\u043f\u0435\u043a\u0442\u0438\u0432\u0435\n\u0431\u043b\u0438\u0436\u0430\u0439\u0448\u0438\u0445 \u043b\u0435\u0442.<\/p>","protected":false},"featured_media":241,"template":"","meta":{"ocean_post_layout":"","ocean_both_sidebars_style":"","ocean_both_sidebars_content_width":0,"ocean_both_sidebars_sidebars_width":0,"ocean_sidebar":"0","ocean_second_sidebar":"0","ocean_disable_margins":"enable","ocean_add_body_class":"","ocean_shortcode_before_top_bar":"","ocean_shortcode_after_top_bar":"","ocean_shortcode_before_header":"","ocean_shortcode_after_header":"","ocean_has_shortcode":"","ocean_shortcode_after_title":"","ocean_shortcode_before_footer_widgets":"","ocean_shortcode_after_footer_widgets":"","ocean_shortcode_before_footer_bottom":"","ocean_shortcode_after_footer_bottom":"","ocean_display_top_bar":"default","ocean_display_header":"default","ocean_header_style":"","ocean_center_header_left_menu":"0","ocean_custom_header_template":"0","ocean_custom_logo":0,"ocean_custom_retina_logo":0,"ocean_custom_logo_max_width":0,"ocean_custom_logo_tablet_max_width":0,"ocean_custom_logo_mobile_max_width":0,"ocean_custom_logo_max_height":0,"ocean_custom_logo_tablet_max_height":0,"ocean_custom_logo_mobile_max_height":0,"ocean_header_custom_menu":"0","ocean_menu_typo_font_family":"0","ocean_menu_typo_font_subset":"","ocean_menu_typo_font_size":0,"ocean_menu_typo_font_size_tablet":0,"ocean_menu_typo_font_size_mobile":0,"ocean_menu_typo_font_size_unit":"px","ocean_menu_typo_font_weight":"","ocean_menu_typo_font_weight_tablet":"","ocean_menu_typo_font_weight_mobile":"","ocean_menu_typo_transform":"","ocean_menu_typo_transform_tablet":"","ocean_menu_typo_transform_mobile":"","ocean_menu_typo_line_height":0,"ocean_menu_typo_line_height_tablet":0,"ocean_menu_typo_line_height_mobile":0,"ocean_menu_typo_line_height_unit":"","ocean_menu_typo_spacing":0,"ocean_menu_typo_spacing_tablet":0,"ocean_menu_typo_spacing_mobile":0,"ocean_menu_typo_spacing_unit":"","ocean_menu_link_color":"","ocean_menu_link_color_hover":"","ocean_menu_link_color_active":"","ocean_menu_link_background":"","ocean_menu_link_hover_background":"","ocean_menu_link_active_background":"","ocean_menu_social_links_bg":"","ocean_menu_social_hover_links_bg":"","ocean_menu_social_links_color":"","ocean_menu_social_hover_links_color":"","ocean_disable_title":"default","ocean_disable_heading":"default","ocean_post_title":"","ocean_post_subheading":"","ocean_post_title_style":"","ocean_post_title_background_color":"","ocean_post_title_background":0,"ocean_post_title_bg_image_position":"","ocean_post_title_bg_image_attachment":"","ocean_post_title_bg_image_repeat":"","ocean_post_title_bg_image_size":"","ocean_post_title_height":0,"ocean_post_title_bg_overlay":0.5,"ocean_post_title_bg_overlay_color":"","ocean_disable_breadcrumbs":"default","ocean_breadcrumbs_color":"","ocean_breadcrumbs_separator_color":"","ocean_breadcrumbs_links_color":"","ocean_breadcrumbs_links_hover_color":"","ocean_display_footer_widgets":"default","ocean_display_footer_bottom":"default","ocean_custom_footer_template":"0"},"product_brand":[],"product_cat":[19],"product_tag":[],"class_list":{"0":"post-98","1":"product","2":"type-product","3":"status-publish","4":"has-post-thumbnail","6":"product_cat-santykiu-deliones","8":"entry","9":"has-media","11":"first","12":"instock","13":"shipping-taxable","14":"purchasable","15":"product-type-simple","16":"col","17":"span_1_of_3","18":"owp-content-center","19":"owp-thumbs-layout-horizontal","20":"owp-btn-normal","21":"owp-tabs-layout-horizontal","22":"has-no-thumbnails"},"yoast_head":"<!-- This site is optimized with the Yoast SEO plugin v22.7 - https:\/\/yoast.com\/wordpress\/plugins\/seo\/ -->\n<title>B\u016brimas Taro Kortomis &quot;Nauja meil\u0117 (nauji santykiai)&quot; | B\u016brimas taro kortomis<\/title>\n<meta name=\"description\" content=\"Tarologin\u0117 prognoz\u0117 kaip susiklostys j\u016bs\u0173 nauji santykiai per artimiausius metus. Kvie\u010diame su\u017einoti kas j\u016bs\u0173 laukia artimiausiu metu.\" \/>\n<meta name=\"robots\" content=\"index, follow, max-snippet:-1, max-image-preview:large, max-video-preview:-1\" \/>\n<link rel=\"canonical\" href=\"https:\/\/burimastarokortomis.lt\/ru\/product\/delione-nauja-meile-nauji-santykiai\/\" \/>\n<meta property=\"og:locale\" content=\"ru_RU\" \/>\n<meta property=\"og:type\" content=\"article\" \/>\n<meta property=\"og:title\" content=\"B\u016brimas Taro Kortomis &quot;Nauja meil\u0117 (nauji santykiai)&quot; | B\u016brimas taro kortomis\" \/>\n<meta property=\"og:description\" content=\"Tarologin\u0117 prognoz\u0117 kaip susiklostys j\u016bs\u0173 nauji santykiai per artimiausius metus. Kvie\u010diame su\u017einoti kas j\u016bs\u0173 laukia artimiausiu metu.\" \/>\n<meta property=\"og:url\" content=\"https:\/\/burimastarokortomis.lt\/ru\/product\/delione-nauja-meile-nauji-santykiai\/\" \/>\n<meta property=\"og:site_name\" content=\"B\u016brimas taro kortomis\" \/>\n<meta property=\"article:publisher\" content=\"https:\/\/www.facebook.com\/paklauskTaro\/\" \/>\n<meta property=\"article:modified_time\" content=\"2024-08-27T10:57:26+00:00\" \/>\n<meta property=\"og:image\" content=\"https:\/\/burimastarokortomis.lt\/wp-content\/uploads\/2023\/09\/340137924_911317693469156_8829433248187578354_n.jpg\" \/>\n\t<meta property=\"og:image:width\" content=\"564\" \/>\n\t<meta property=\"og:image:height\" content=\"564\" \/>\n\t<meta property=\"og:image:type\" content=\"image\/jpeg\" \/>\n<meta name=\"twitter:card\" content=\"summary_large_image\" \/>\n<meta name=\"twitter:label1\" content=\"\u041f\u0440\u0438\u043c\u0435\u0440\u043d\u043e\u0435 \u0432\u0440\u0435\u043c\u044f \u0434\u043b\u044f \u0447\u0442\u0435\u043d\u0438\u044f\" \/>\n\t<meta name=\"twitter:data1\" content=\"2 \u043c\u0438\u043d\u0443\u0442\u044b\" \/>\n<script type=\"application\/ld+json\" class=\"yoast-schema-graph\">{\"@context\":\"https:\/\/schema.org\",\"@graph\":[{\"@type\":\"WebPage\",\"@id\":\"https:\/\/burimastarokortomis.lt\/produktas\/delione-nauja-meile-nauji-santykiai\/\",\"url\":\"https:\/\/burimastarokortomis.lt\/produktas\/delione-nauja-meile-nauji-santykiai\/\",\"name\":\"B\u016brimas Taro Kortomis \\\"Nauja meil\u0117 (nauji santykiai)\\\" | B\u016brimas taro kortomis\",\"isPartOf\":{\"@id\":\"https:\/\/burimastarokortomis.lt\/#website\"},\"primaryImageOfPage\":{\"@id\":\"https:\/\/burimastarokortomis.lt\/produktas\/delione-nauja-meile-nauji-santykiai\/#primaryimage\"},\"image\":{\"@id\":\"https:\/\/burimastarokortomis.lt\/produktas\/delione-nauja-meile-nauji-santykiai\/#primaryimage\"},\"thumbnailUrl\":\"https:\/\/burimastarokortomis.lt\/wp-content\/uploads\/2023\/09\/340137924_911317693469156_8829433248187578354_n.jpg\",\"datePublished\":\"2023-09-18T09:10:24+00:00\",\"dateModified\":\"2024-08-27T10:57:26+00:00\",\"description\":\"Tarologin\u0117 prognoz\u0117 kaip susiklostys j\u016bs\u0173 nauji santykiai per artimiausius metus. Kvie\u010diame su\u017einoti kas j\u016bs\u0173 laukia artimiausiu metu.\",\"breadcrumb\":{\"@id\":\"https:\/\/burimastarokortomis.lt\/produktas\/delione-nauja-meile-nauji-santykiai\/#breadcrumb\"},\"inLanguage\":\"ru-RU\",\"potentialAction\":[{\"@type\":\"ReadAction\",\"target\":[\"https:\/\/burimastarokortomis.lt\/produktas\/delione-nauja-meile-nauji-santykiai\/\"]}]},{\"@type\":\"ImageObject\",\"inLanguage\":\"ru-RU\",\"@id\":\"https:\/\/burimastarokortomis.lt\/produktas\/delione-nauja-meile-nauji-santykiai\/#primaryimage\",\"url\":\"https:\/\/burimastarokortomis.lt\/wp-content\/uploads\/2023\/09\/340137924_911317693469156_8829433248187578354_n.jpg\",\"contentUrl\":\"https:\/\/burimastarokortomis.lt\/wp-content\/uploads\/2023\/09\/340137924_911317693469156_8829433248187578354_n.jpg\",\"width\":564,\"height\":564,\"caption\":\"burimas taro kortom meile\"},{\"@type\":\"BreadcrumbList\",\"@id\":\"https:\/\/burimastarokortomis.lt\/produktas\/delione-nauja-meile-nauji-santykiai\/#breadcrumb\",\"itemListElement\":[{\"@type\":\"ListItem\",\"position\":1,\"name\":\"Home\",\"item\":\"https:\/\/burimastarokortomis.lt\/\"},{\"@type\":\"ListItem\",\"position\":2,\"name\":\"Parduotuv\u0117\",\"item\":\"https:\/\/burimastarokortomis.lt\/parduotuve\/\"},{\"@type\":\"ListItem\",\"position\":3,\"name\":\"B\u016brimas Taro Kortomis &#8220;Nauja meil\u0117 (nauji santykiai)&#8221;\"}]},{\"@type\":\"WebSite\",\"@id\":\"https:\/\/burimastarokortomis.lt\/#website\",\"url\":\"https:\/\/burimastarokortomis.lt\/\",\"name\":\"Ask Tarot\",\"description\":\"Liudmilos Tarologin\u0117s prognoz\u0117s\",\"publisher\":{\"@id\":\"https:\/\/burimastarokortomis.lt\/#organization\"},\"alternateName\":\"Ask Tarot - Liudmilos Tarologin\u0117s prognoz\u0117s\",\"potentialAction\":[{\"@type\":\"SearchAction\",\"target\":{\"@type\":\"EntryPoint\",\"urlTemplate\":\"https:\/\/burimastarokortomis.lt\/?s={search_term_string}\"},\"query-input\":\"required name=search_term_string\"}],\"inLanguage\":\"ru-RU\"},{\"@type\":\"Organization\",\"@id\":\"https:\/\/burimastarokortomis.lt\/#organization\",\"name\":\"AskTarot - Liudmilos Tarologin\u0117s prognoz\u0117s\",\"url\":\"https:\/\/burimastarokortomis.lt\/\",\"logo\":{\"@type\":\"ImageObject\",\"inLanguage\":\"ru-RU\",\"@id\":\"https:\/\/burimastarokortomis.lt\/#\/schema\/logo\/image\/\",\"url\":\"http:\/\/burimastarokortomis.lt\/wp-content\/uploads\/2023\/09\/tarot-card.png\",\"contentUrl\":\"http:\/\/burimastarokortomis.lt\/wp-content\/uploads\/2023\/09\/tarot-card.png\",\"width\":512,\"height\":512,\"caption\":\"AskTarot - Liudmilos Tarologin\u0117s prognoz\u0117s\"},\"image\":{\"@id\":\"https:\/\/burimastarokortomis.lt\/#\/schema\/logo\/image\/\"},\"sameAs\":[\"https:\/\/www.facebook.com\/paklauskTaro\/\"]}]}<\/script>\n<!-- \/ Yoast SEO plugin. -->","yoast_head_json":{"title":"B\u016brimas Taro Kortomis \"Nauja meil\u0117 (nauji santykiai)\" | B\u016brimas taro kortomis","description":"Tarologin\u0117 prognoz\u0117 kaip susiklostys j\u016bs\u0173 nauji santykiai per artimiausius metus. Kvie\u010diame su\u017einoti kas j\u016bs\u0173 laukia artimiausiu metu.","robots":{"index":"index","follow":"follow","max-snippet":"max-snippet:-1","max-image-preview":"max-image-preview:large","max-video-preview":"max-video-preview:-1"},"canonical":"https:\/\/burimastarokortomis.lt\/ru\/product\/delione-nauja-meile-nauji-santykiai\/","og_locale":"ru_RU","og_type":"article","og_title":"B\u016brimas Taro Kortomis \"Nauja meil\u0117 (nauji santykiai)\" | B\u016brimas taro kortomis","og_description":"Tarologin\u0117 prognoz\u0117 kaip susiklostys j\u016bs\u0173 nauji santykiai per artimiausius metus. Kvie\u010diame su\u017einoti kas j\u016bs\u0173 laukia artimiausiu metu.","og_url":"https:\/\/burimastarokortomis.lt\/ru\/product\/delione-nauja-meile-nauji-santykiai\/","og_site_name":"B\u016brimas taro kortomis","article_publisher":"https:\/\/www.facebook.com\/paklauskTaro\/","article_modified_time":"2024-08-27T10:57:26+00:00","og_image":[{"width":564,"height":564,"url":"https:\/\/burimastarokortomis.lt\/wp-content\/uploads\/2023\/09\/340137924_911317693469156_8829433248187578354_n.jpg","type":"image\/jpeg"}],"twitter_card":"summary_large_image","twitter_misc":{"\u041f\u0440\u0438\u043c\u0435\u0440\u043d\u043e\u0435 \u0432\u0440\u0435\u043c\u044f \u0434\u043b\u044f \u0447\u0442\u0435\u043d\u0438\u044f":"2 \u043c\u0438\u043d\u0443\u0442\u044b"},"schema":{"@context":"https:\/\/schema.org","@graph":[{"@type":"WebPage","@id":"https:\/\/burimastarokortomis.lt\/produktas\/delione-nauja-meile-nauji-santykiai\/","url":"https:\/\/burimastarokortomis.lt\/produktas\/delione-nauja-meile-nauji-santykiai\/","name":"B\u016brimas Taro Kortomis \"Nauja meil\u0117 (nauji santykiai)\" | B\u016brimas taro kortomis","isPartOf":{"@id":"https:\/\/burimastarokortomis.lt\/#website"},"primaryImageOfPage":{"@id":"https:\/\/burimastarokortomis.lt\/produktas\/delione-nauja-meile-nauji-santykiai\/#primaryimage"},"image":{"@id":"https:\/\/burimastarokortomis.lt\/produktas\/delione-nauja-meile-nauji-santykiai\/#primaryimage"},"thumbnailUrl":"https:\/\/burimastarokortomis.lt\/wp-content\/uploads\/2023\/09\/340137924_911317693469156_8829433248187578354_n.jpg","datePublished":"2023-09-18T09:10:24+00:00","dateModified":"2024-08-27T10:57:26+00:00","description":"Tarologin\u0117 prognoz\u0117 kaip susiklostys j\u016bs\u0173 nauji santykiai per artimiausius metus. Kvie\u010diame su\u017einoti kas j\u016bs\u0173 laukia artimiausiu metu.","breadcrumb":{"@id":"https:\/\/burimastarokortomis.lt\/produktas\/delione-nauja-meile-nauji-santykiai\/#breadcrumb"},"inLanguage":"ru-RU","potentialAction":[{"@type":"ReadAction","target":["https:\/\/burimastarokortomis.lt\/produktas\/delione-nauja-meile-nauji-santykiai\/"]}]},{"@type":"ImageObject","inLanguage":"ru-RU","@id":"https:\/\/burimastarokortomis.lt\/produktas\/delione-nauja-meile-nauji-santykiai\/#primaryimage","url":"https:\/\/burimastarokortomis.lt\/wp-content\/uploads\/2023\/09\/340137924_911317693469156_8829433248187578354_n.jpg","contentUrl":"https:\/\/burimastarokortomis.lt\/wp-content\/uploads\/2023\/09\/340137924_911317693469156_8829433248187578354_n.jpg","width":564,"height":564,"caption":"burimas taro kortom meile"},{"@type":"BreadcrumbList","@id":"https:\/\/burimastarokortomis.lt\/produktas\/delione-nauja-meile-nauji-santykiai\/#breadcrumb","itemListElement":[{"@type":"ListItem","position":1,"name":"Home","item":"https:\/\/burimastarokortomis.lt\/"},{"@type":"ListItem","position":2,"name":"Parduotuv\u0117","item":"https:\/\/burimastarokortomis.lt\/parduotuve\/"},{"@type":"ListItem","position":3,"name":"B\u016brimas Taro Kortomis &#8220;Nauja meil\u0117 (nauji santykiai)&#8221;"}]},{"@type":"WebSite","@id":"https:\/\/burimastarokortomis.lt\/#website","url":"https:\/\/burimastarokortomis.lt\/","name":"Ask Tarot","description":"Liudmilos Tarologin\u0117s prognoz\u0117s","publisher":{"@id":"https:\/\/burimastarokortomis.lt\/#organization"},"alternateName":"Ask Tarot - Liudmilos Tarologin\u0117s prognoz\u0117s","potentialAction":[{"@type":"SearchAction","target":{"@type":"EntryPoint","urlTemplate":"https:\/\/burimastarokortomis.lt\/?s={search_term_string}"},"query-input":"required name=search_term_string"}],"inLanguage":"ru-RU"},{"@type":"Organization","@id":"https:\/\/burimastarokortomis.lt\/#organization","name":"AskTarot - Liudmilos Tarologin\u0117s prognoz\u0117s","url":"https:\/\/burimastarokortomis.lt\/","logo":{"@type":"ImageObject","inLanguage":"ru-RU","@id":"https:\/\/burimastarokortomis.lt\/#\/schema\/logo\/image\/","url":"http:\/\/burimastarokortomis.lt\/wp-content\/uploads\/2023\/09\/tarot-card.png","contentUrl":"http:\/\/burimastarokortomis.lt\/wp-content\/uploads\/2023\/09\/tarot-card.png","width":512,"height":512,"caption":"AskTarot - Liudmilos Tarologin\u0117s prognoz\u0117s"},"image":{"@id":"https:\/\/burimastarokortomis.lt\/#\/schema\/logo\/image\/"},"sameAs":["https:\/\/www.facebook.com\/paklauskTaro\/"]}]}},"_links":{"self":[{"href":"https:\/\/burimastarokortomis.lt\/ru\/wp-json\/wp\/v2\/product\/98","targetHints":{"allow":["GET"]}}],"collection":[{"href":"https:\/\/burimastarokortomis.lt\/ru\/wp-json\/wp\/v2\/product"}],"about":[{"href":"https:\/\/burimastarokortomis.lt\/ru\/wp-json\/wp\/v2\/types\/product"}],"wp:featuredmedia":[{"embeddable":true,"href":"https:\/\/burimastarokortomis.lt\/ru\/wp-json\/wp\/v2\/media\/241"}],"wp:attachment":[{"href":"https:\/\/burimastarokortomis.lt\/ru\/wp-json\/wp\/v2\/media?parent=98"}],"wp:term":[{"taxonomy":"product_brand","embeddable":true,"href":"https:\/\/burimastarokortomis.lt\/ru\/wp-json\/wp\/v2\/product_brand?post=98"},{"taxonomy":"product_cat","embeddable":true,"href":"https:\/\/burimastarokortomis.lt\/ru\/wp-json\/wp\/v2\/product_cat?post=98"},{"taxonomy":"product_tag","embeddable":true,"href":"https:\/\/burimastarokortomis.lt\/ru\/wp-json\/wp\/v2\/product_tag?post=98"}],"curies":[{"name":"wp","href":"https:\/\/api.w.org\/{rel}","templated":true}]}}